{"id":4148,"date":"2021-02-10T13:45:29","date_gmt":"2021-02-10T12:45:29","guid":{"rendered":"https:\/\/www.airfal.com\/casos-de-exito\/"},"modified":"2026-01-30T17:38:16","modified_gmt":"2026-01-30T16:38:16","slug":"cas-de-succes","status":"publish","type":"page","link":"https:\/\/www.airfal.com\/fr\/cas-de-succes\/","title":{"rendered":"Cas de succ\u00e8s"},"content":{"rendered":"<p><div class=\"fusion-fullwidth fullwidth-box fusion-builder-row-1 fusion-flex-container faded-background fusion-parallax-none new-jumbo nonhundred-percent-fullwidth non-hundred-percent-height-scrolling\" style=\"--awb-background-blend-mode:multiply;--awb-border-radius-top-left:0px;--awb-border-radius-top-right:0px;--awb-border-radius-bottom-right:0px;--awb-border-radius-bottom-left:0px;--awb-padding-top:60px;--awb-padding-bottom:60px;--awb-min-height:600px;--awb-background-size:cover;--awb-flex-wrap:wrap;\" ><div class=\"fullwidth-faded\" style=\"--awb-background-blend-mode:multiply;--awb-background-image:url(https:\/\/www.airfal.com\/wp-content\/uploads\/2021\/03\/tech.jpg);--awb-background-size:cover;\" ><\/div><div class=\"fusion-builder-row fusion-row fusion-flex-align-items-flex-end fusion-flex-content-wrap\" style=\"max-width:1177px;margin-left: calc(-7% \/ 2 );margin-right: calc(-7% \/ 2 );\"><div class=\"fusion-layout-column fusion_builder_column fusion-builder-column-0 fusion_builder_column_1_1 1_1 fusion-flex-column\" style=\"--awb-bg-size:cover;--awb-width-large:100%;--awb-margin-top-large:0px;--awb-spacing-right-large:3.255%;--awb-margin-bottom-large:0px;--awb-spacing-left-large:3.255%;--awb-width-medium:100%;--awb-order-medium:0;--awb-spacing-right-medium:3.255%;--awb-spacing-left-medium:3.255%;--awb-width-small:100%;--awb-order-small:0;--awb-spacing-right-small:3.255%;--awb-spacing-left-small:3.255%;\"><div class=\"fusion-column-wrapper fusion-column-has-shadow fusion-flex-justify-content-flex-start fusion-content-layout-column\"><div class=\"fusion-title title fusion-title-1 fusion-sep-none fusion-title-rotating fusion-animate-once fusion-title-clipIn fusion-title-size-one\" style=\"--awb-margin-top:0px;--awb-margin-bottom:10px;--awb-font-size:70px;\"><h1 class=\"fusion-title-heading title-heading-left fusion-responsive-typography-calculated\" style=\"margin:0;font-size:1em;--fontSize:70;line-height:1.4;\"><span class=\"fusion-animated-text-prefix\"><\/span> <span class=\"fusion-animated-texts-wrapper\" style=\"text-align: center;\" data-length=\"line\" data-minDisplayTime=\"1500\"><span class=\"fusion-animated-texts\"><span data-in-effect=\"clipIn\" class=\"fusion-animated-text\" data-in-sequence=\"true\" data-out-reverse=\"true\" data-out-effect=\"clipOut\">Cas de succ\u00e8s<\/span><\/span><\/span> <span class=\"fusion-animated-text-postfix\"><\/span><\/h1><\/div><\/div><\/div><\/div><\/div><div class=\"fusion-fullwidth fullwidth-box fusion-builder-row-2 fusion-flex-container nonhundred-percent-fullwidth non-hundred-percent-height-scrolling\" style=\"--awb-border-sizes-top:0px;--awb-border-sizes-bottom:2px;--awb-border-sizes-left:0px;--awb-border-sizes-right:0px;--awb-border-color:#eaeef1;--awb-border-radius-top-left:0px;--awb-border-radius-top-right:0px;--awb-border-radius-bottom-right:0px;--awb-border-radius-bottom-left:0px;--awb-flex-wrap:wrap;\" ><div class=\"fusion-builder-row fusion-row fusion-flex-align-items-flex-start fusion-flex-content-wrap\" style=\"max-width:1177px;margin-left: calc(-7% \/ 2 );margin-right: calc(-7% \/ 2 );\"><div class=\"fusion-layout-column fusion_builder_column fusion-builder-column-1 fusion_builder_column_1_1 1_1 fusion-flex-column\" style=\"--awb-bg-size:cover;--awb-width-large:100%;--awb-margin-top-large:0px;--awb-spacing-right-large:3.255%;--awb-margin-bottom-large:0px;--awb-spacing-left-large:3.255%;--awb-width-medium:100%;--awb-order-medium:0;--awb-spacing-right-medium:3.255%;--awb-spacing-left-medium:3.255%;--awb-width-small:100%;--awb-order-small:0;--awb-spacing-right-small:3.255%;--awb-spacing-left-small:3.255%;\"><div class=\"fusion-column-wrapper fusion-column-has-shadow fusion-flex-justify-content-flex-start fusion-content-layout-column\"><nav class=\"fusion-breadcrumbs awb-yoast-breadcrumbs fusion-breadcrumbs-1\" style=\"--awb-breadcrumb-sep:&#039;\/&#039;;\" aria-label=\"Breadcrumb\"><ol class=\"awb-breadcrumb-list\"><\/ol><\/nav><\/div><\/div><\/div><\/div>\n<div class=\"fusion-fullwidth fullwidth-box fusion-builder-row-3 fusion-flex-container nonhundred-percent-fullwidth non-hundred-percent-height-scrolling\" style=\"--awb-border-radius-top-left:0px;--awb-border-radius-top-right:0px;--awb-border-radius-bottom-right:0px;--awb-border-radius-bottom-left:0px;--awb-margin-top:40px;--awb-margin-bottom:70px;--awb-flex-wrap:wrap;\" ><div class=\"fusion-builder-row fusion-row fusion-flex-align-items-flex-start fusion-flex-justify-content-center fusion-flex-content-wrap\" style=\"max-width:1177px;margin-left: calc(-7% \/ 2 );margin-right: calc(-7% \/ 2 );\"><div class=\"fusion-layout-column fusion_builder_column fusion-builder-column-2 fusion_builder_column_1_1 1_1 fusion-flex-column fusion-animated\" style=\"--awb-bg-size:cover;--awb-width-large:100%;--awb-margin-top-large:0px;--awb-spacing-right-large:3.255%;--awb-margin-bottom-large:0px;--awb-spacing-left-large:3.255%;--awb-width-medium:100%;--awb-order-medium:0;--awb-spacing-right-medium:3.255%;--awb-spacing-left-medium:3.255%;--awb-width-small:100%;--awb-order-small:0;--awb-spacing-right-small:3.255%;--awb-spacing-left-small:3.255%;\" data-animationType=\"fadeInRight\" data-animationDuration=\"1.0\" data-animationOffset=\"top-into-view\"><div class=\"fusion-column-wrapper fusion-column-has-shadow fusion-flex-justify-content-flex-start fusion-content-layout-column\"><div class=\"fusion-title title fusion-title-2 fusion-sep-none fusion-title-center fusion-title-text fusion-title-size-four\" style=\"--awb-margin-bottom:60px;--awb-font-size:22px;\"><h4 class=\"fusion-title-heading title-heading-center fusion-responsive-typography-calculated\" style=\"margin:0;font-size:1em;--fontSize:22;line-height:1.4;\"><b>QUELQUES-UNS DE NOS PROJETS D\u2019\u00c9CLAIRAGE<\/b><\/h4><\/div><\/div><\/div><div class=\"fusion-layout-column fusion_builder_column fusion-builder-column-3 fusion_builder_column_1_1 1_1 fusion-flex-column fusion-animated\" style=\"--awb-bg-size:cover;--awb-width-large:100%;--awb-margin-top-large:0px;--awb-spacing-right-large:3.255%;--awb-margin-bottom-large:0px;--awb-spacing-left-large:3.255%;--awb-width-medium:100%;--awb-order-medium:0;--awb-spacing-right-medium:3.255%;--awb-spacing-left-medium:3.255%;--awb-width-small:100%;--awb-order-small:0;--awb-spacing-right-small:3.255%;--awb-spacing-left-small:3.255%;\" data-animationType=\"fadeInLeft\" data-animationDuration=\"1.0\" data-animationOffset=\"top-into-view\"><div class=\"fusion-column-wrapper fusion-column-has-shadow fusion-flex-justify-content-flex-start fusion-content-layout-column\"><div class=\"fusion-text fusion-text-1\">\n<div class=\"casos-de-exito-airfal-contenedor\">\n\t<div class=\"casos-de-exito-airfal-carrusel\">\n\t\t<a href=\"https:\/\/www.airfal.com\/fr\/casos-de-exito\/eclairage-de-la-base-aerienne-militaire\/\">\n\t\t\t<div class=\"casos-de-exito-airfal-item\" style=\"background-image:url(https:\/\/www.airfal.com\/wp-content\/uploads\/2021\/04\/base-militar-bg.jpg)\">\n\t\t\t\t<div class=\"casos-de-exito-airfal-item-nombre\">\u00c9clairage de la base a\u00e9rienne militaire\n\t\t\t\t\t<div class=\"casos-de-exito-airfal-item-caracteristicas\">Industrie<\/div>\n\t\t\t\t<\/div>\n\t\t\t<\/div>\n\t\t<\/a>\n\t\t<a href=\"https:\/\/www.airfal.com\/fr\/casos-de-exito\/eclairage-de-la-raffinerie-de-neftochim\/\">\n\t\t\t<div class=\"casos-de-exito-airfal-item\" style=\"background-image:url(https:\/\/www.airfal.com\/wp-content\/uploads\/2021\/02\/energias-renovables-bg.jpg)\">\n\t\t\t\t<div class=\"casos-de-exito-airfal-item-nombre\">\u00c9clairage de la raffinerie de Neftochim\n\t\t\t\t\t<div class=\"casos-de-exito-airfal-item-caracteristicas\">Oil & Gas<\/div>\n\t\t\t\t<\/div>\n\t\t\t<\/div>\n\t\t<\/a>\n\t\t<a href=\"https:\/\/www.airfal.com\/fr\/casos-de-exito\/elevage-de-poulets-en-arabie-saoudite\/\">\n\t\t\t<div class=\"casos-de-exito-airfal-item\" style=\"background-image:url(https:\/\/www.airfal.com\/wp-content\/uploads\/2021\/04\/granja-bg.jpg)\">\n\t\t\t\t<div class=\"casos-de-exito-airfal-item-nombre\">\u00c9levage de poulets en Arabie Saoudite\n\t\t\t\t\t<div class=\"casos-de-exito-airfal-item-caracteristicas\">Industria<\/div>\n\t\t\t\t<\/div>\n\t\t\t<\/div>\n\t\t<\/a>\n\t\t<a href=\"https:\/\/www.airfal.com\/fr\/casos-de-exito\/mall-of-qatar-shopping-mall-a-doha\/\">\n\t\t\t<div class=\"casos-de-exito-airfal-item\" style=\"background-image:url(https:\/\/www.airfal.com\/wp-content\/uploads\/2021\/04\/centro-comercial-2-bg.jpg)\">\n\t\t\t\t<div class=\"casos-de-exito-airfal-item-nombre\">Mall of Qatar Shopping Mall \u00e0 Doha\n\t\t\t\t\t<div class=\"casos-de-exito-airfal-item-caracteristicas\">Industrie<\/div>\n\t\t\t\t<\/div>\n\t\t\t<\/div>\n\t\t<\/a>\n\t<\/div>\n<\/div>\n<\/div><\/div><\/div><\/div><\/div><\/p>\n","protected":false},"excerpt":{"rendered":"","protected":false},"author":5,"featured_media":0,"parent":0,"menu_order":0,"comment_status":"closed","ping_status":"closed","template":"100-width.php","meta":{"_acf_changed":false,"footnotes":""},"class_list":["post-4148","page","type-page","status-publish","hentry"],"acf":[],"yoast_head":"<!-- This site is optimized with the Yoast SEO plugin v27.4 - https:\/\/yoast.com\/product\/yoast-seo-wordpress\/ -->\n<title>Cas de succ\u00e8s - Airfal<\/title>\n<meta name=\"description\" content=\"Cas de succ\u00e8s Airfal: exemples de projets d\u2019\u00e9clairage et de digitalisation pour performance, s\u00e9curit\u00e9 et efficacit\u00e9.\" \/>\n<meta name=\"robots\" content=\"index, follow, max-snippet:-1, max-image-preview:large, max-video-preview:-1\" \/>\n<link rel=\"canonical\" href=\"https:\/\/www.airfal.com\/fr\/cas-de-succes\/\" \/>\n<meta property=\"og:locale\" content=\"fr_FR\" \/>\n<meta property=\"og:type\" content=\"article\" \/>\n<meta property=\"og:title\" content=\"Cas de succ\u00e8s - Airfal\" \/>\n<meta property=\"og:description\" content=\"Cas de succ\u00e8s Airfal: exemples de projets d\u2019\u00e9clairage et de digitalisation pour performance, s\u00e9curit\u00e9 et efficacit\u00e9.\" \/>\n<meta property=\"og:url\" content=\"https:\/\/www.airfal.com\/fr\/cas-de-succes\/\" \/>\n<meta property=\"og:site_name\" content=\"Airfal\" \/>\n<meta property=\"article:modified_time\" content=\"2026-01-30T16:38:16+00:00\" \/>\n<meta name=\"twitter:card\" content=\"summary_large_image\" \/>\n<meta name=\"twitter:label1\" content=\"Dur\u00e9e de lecture estim\u00e9e\" \/>\n\t<meta name=\"twitter:data1\" content=\"6 minutes\" \/>\n<script type=\"application\/ld+json\" class=\"yoast-schema-graph\">{\"@context\":\"https:\\\/\\\/schema.org\",\"@graph\":[{\"@type\":\"WebPage\",\"@id\":\"https:\\\/\\\/www.airfal.com\\\/fr\\\/cas-de-succes\\\/\",\"url\":\"https:\\\/\\\/www.airfal.com\\\/fr\\\/cas-de-succes\\\/\",\"name\":\"Cas de succ\u00e8s - Airfal\",\"isPartOf\":{\"@id\":\"https:\\\/\\\/www.airfal.com\\\/fr\\\/#website\"},\"datePublished\":\"2021-02-10T12:45:29+00:00\",\"dateModified\":\"2026-01-30T16:38:16+00:00\",\"description\":\"Cas de succ\u00e8s Airfal: exemples de projets d\u2019\u00e9clairage et de digitalisation pour performance, s\u00e9curit\u00e9 et efficacit\u00e9.\",\"breadcrumb\":{\"@id\":\"https:\\\/\\\/www.airfal.com\\\/fr\\\/cas-de-succes\\\/#breadcrumb\"},\"inLanguage\":\"fr-FR\",\"potentialAction\":[{\"@type\":\"ReadAction\",\"target\":[\"https:\\\/\\\/www.airfal.com\\\/fr\\\/cas-de-succes\\\/\"]}]},{\"@type\":\"BreadcrumbList\",\"@id\":\"https:\\\/\\\/www.airfal.com\\\/fr\\\/cas-de-succes\\\/#breadcrumb\",\"itemListElement\":[{\"@type\":\"ListItem\",\"position\":1,\"name\":\"Airfal\",\"item\":\"https:\\\/\\\/www.airfal.com\\\/fr\\\/\"},{\"@type\":\"ListItem\",\"position\":2,\"name\":\"Cas de succ\u00e8s\"}]},{\"@type\":\"WebSite\",\"@id\":\"https:\\\/\\\/www.airfal.com\\\/fr\\\/#website\",\"url\":\"https:\\\/\\\/www.airfal.com\\\/fr\\\/\",\"name\":\"Airfal\",\"description\":\"Proyectos de eficiencia energ\u00e9tica en industria ATEX con iluminaci\u00f3n y sensores\",\"publisher\":{\"@id\":\"https:\\\/\\\/www.airfal.com\\\/fr\\\/#organization\"},\"potentialAction\":[{\"@type\":\"SearchAction\",\"target\":{\"@type\":\"EntryPoint\",\"urlTemplate\":\"https:\\\/\\\/www.airfal.com\\\/fr\\\/?s={search_term_string}\"},\"query-input\":{\"@type\":\"PropertyValueSpecification\",\"valueRequired\":true,\"valueName\":\"search_term_string\"}}],\"inLanguage\":\"fr-FR\"},{\"@type\":\"Organization\",\"@id\":\"https:\\\/\\\/www.airfal.com\\\/fr\\\/#organization\",\"name\":\"Airfal\",\"url\":\"https:\\\/\\\/www.airfal.com\\\/fr\\\/\",\"logo\":{\"@type\":\"ImageObject\",\"inLanguage\":\"fr-FR\",\"@id\":\"https:\\\/\\\/www.airfal.com\\\/fr\\\/#\\\/schema\\\/logo\\\/image\\\/\",\"url\":\"https:\\\/\\\/www.airfal.com\\\/wp-content\\\/uploads\\\/2021\\\/05\\\/Logo-AIRFAL-1.jpg\",\"contentUrl\":\"https:\\\/\\\/www.airfal.com\\\/wp-content\\\/uploads\\\/2021\\\/05\\\/Logo-AIRFAL-1.jpg\",\"width\":2481,\"height\":1754,\"caption\":\"Airfal\"},\"image\":{\"@id\":\"https:\\\/\\\/www.airfal.com\\\/fr\\\/#\\\/schema\\\/logo\\\/image\\\/\"}}]}<\/script>\n<!-- \/ Yoast SEO plugin. -->","yoast_head_json":{"title":"Cas de succ\u00e8s - Airfal","description":"Cas de succ\u00e8s Airfal: exemples de projets d\u2019\u00e9clairage et de digitalisation pour performance, s\u00e9curit\u00e9 et efficacit\u00e9.","robots":{"index":"index","follow":"follow","max-snippet":"max-snippet:-1","max-image-preview":"max-image-preview:large","max-video-preview":"max-video-preview:-1"},"canonical":"https:\/\/www.airfal.com\/fr\/cas-de-succes\/","og_locale":"fr_FR","og_type":"article","og_title":"Cas de succ\u00e8s - Airfal","og_description":"Cas de succ\u00e8s Airfal: exemples de projets d\u2019\u00e9clairage et de digitalisation pour performance, s\u00e9curit\u00e9 et efficacit\u00e9.","og_url":"https:\/\/www.airfal.com\/fr\/cas-de-succes\/","og_site_name":"Airfal","article_modified_time":"2026-01-30T16:38:16+00:00","twitter_card":"summary_large_image","twitter_misc":{"Dur\u00e9e de lecture estim\u00e9e":"6 minutes"},"schema":{"@context":"https:\/\/schema.org","@graph":[{"@type":"WebPage","@id":"https:\/\/www.airfal.com\/fr\/cas-de-succes\/","url":"https:\/\/www.airfal.com\/fr\/cas-de-succes\/","name":"Cas de succ\u00e8s - Airfal","isPartOf":{"@id":"https:\/\/www.airfal.com\/fr\/#website"},"datePublished":"2021-02-10T12:45:29+00:00","dateModified":"2026-01-30T16:38:16+00:00","description":"Cas de succ\u00e8s Airfal: exemples de projets d\u2019\u00e9clairage et de digitalisation pour performance, s\u00e9curit\u00e9 et efficacit\u00e9.","breadcrumb":{"@id":"https:\/\/www.airfal.com\/fr\/cas-de-succes\/#breadcrumb"},"inLanguage":"fr-FR","potentialAction":[{"@type":"ReadAction","target":["https:\/\/www.airfal.com\/fr\/cas-de-succes\/"]}]},{"@type":"BreadcrumbList","@id":"https:\/\/www.airfal.com\/fr\/cas-de-succes\/#breadcrumb","itemListElement":[{"@type":"ListItem","position":1,"name":"Airfal","item":"https:\/\/www.airfal.com\/fr\/"},{"@type":"ListItem","position":2,"name":"Cas de succ\u00e8s"}]},{"@type":"WebSite","@id":"https:\/\/www.airfal.com\/fr\/#website","url":"https:\/\/www.airfal.com\/fr\/","name":"Airfal","description":"Proyectos de eficiencia energ\u00e9tica en industria ATEX con iluminaci\u00f3n y sensores","publisher":{"@id":"https:\/\/www.airfal.com\/fr\/#organization"},"potentialAction":[{"@type":"SearchAction","target":{"@type":"EntryPoint","urlTemplate":"https:\/\/www.airfal.com\/fr\/?s={search_term_string}"},"query-input":{"@type":"PropertyValueSpecification","valueRequired":true,"valueName":"search_term_string"}}],"inLanguage":"fr-FR"},{"@type":"Organization","@id":"https:\/\/www.airfal.com\/fr\/#organization","name":"Airfal","url":"https:\/\/www.airfal.com\/fr\/","logo":{"@type":"ImageObject","inLanguage":"fr-FR","@id":"https:\/\/www.airfal.com\/fr\/#\/schema\/logo\/image\/","url":"https:\/\/www.airfal.com\/wp-content\/uploads\/2021\/05\/Logo-AIRFAL-1.jpg","contentUrl":"https:\/\/www.airfal.com\/wp-content\/uploads\/2021\/05\/Logo-AIRFAL-1.jpg","width":2481,"height":1754,"caption":"Airfal"},"image":{"@id":"https:\/\/www.airfal.com\/fr\/#\/schema\/logo\/image\/"}}]}},"_links":{"self":[{"href":"https:\/\/www.airfal.com\/fr\/wp-json\/wp\/v2\/pages\/4148","targetHints":{"allow":["GET"]}}],"collection":[{"href":"https:\/\/www.airfal.com\/fr\/wp-json\/wp\/v2\/pages"}],"about":[{"href":"https:\/\/www.airfal.com\/fr\/wp-json\/wp\/v2\/types\/page"}],"author":[{"embeddable":true,"href":"https:\/\/www.airfal.com\/fr\/wp-json\/wp\/v2\/users\/5"}],"replies":[{"embeddable":true,"href":"https:\/\/www.airfal.com\/fr\/wp-json\/wp\/v2\/comments?post=4148"}],"version-history":[{"count":1,"href":"https:\/\/www.airfal.com\/fr\/wp-json\/wp\/v2\/pages\/4148\/revisions"}],"predecessor-version":[{"id":27896,"href":"https:\/\/www.airfal.com\/fr\/wp-json\/wp\/v2\/pages\/4148\/revisions\/27896"}],"wp:attachment":[{"href":"https:\/\/www.airfal.com\/fr\/wp-json\/wp\/v2\/media?parent=4148"}],"curies":[{"name":"wp","href":"https:\/\/api.w.org\/{rel}","templated":true}]}}