{"id":4152,"date":"2021-02-10T13:48:52","date_gmt":"2021-02-10T12:48:52","guid":{"rendered":"https:\/\/www.airfal.com\/politica-de-cookies\/"},"modified":"2026-01-28T20:39:24","modified_gmt":"2026-01-28T19:39:24","slug":"politique-de-cookies","status":"publish","type":"page","link":"https:\/\/www.airfal.com\/fr\/politique-de-cookies\/","title":{"rendered":"Politique de cookies"},"content":{"rendered":"<p><div class=\"fusion-fullwidth fullwidth-box fusion-builder-row-1 fusion-flex-container fusion-parallax-none nonhundred-percent-fullwidth non-hundred-percent-height-scrolling\" style=\"--awb-background-position:center top;--awb-background-blend-mode:screen;--awb-border-radius-top-left:0px;--awb-border-radius-top-right:0px;--awb-border-radius-bottom-right:0px;--awb-border-radius-bottom-left:0px;--awb-padding-top:40px;--awb-padding-bottom:40px;--awb-min-height:200px;--awb-background-color:#eaeef1;--awb-background-image:url(&quot;https:\/\/www.airfal.com\/wp-content\/uploads\/2021\/02\/tech-bg.png&quot;);--awb-background-size:cover;--awb-flex-wrap:wrap;\" ><div class=\"fusion-builder-row fusion-row fusion-flex-align-items-flex-end fusion-flex-align-content-flex-end fusion-flex-content-wrap\" style=\"max-width:1177px;margin-left: calc(-7% \/ 2 );margin-right: calc(-7% \/ 2 );\"><div class=\"fusion-layout-column fusion_builder_column fusion-builder-column-0 fusion_builder_column_1_1 1_1 fusion-flex-column\" style=\"--awb-bg-size:cover;--awb-width-large:100%;--awb-margin-top-large:0px;--awb-spacing-right-large:3.255%;--awb-margin-bottom-large:0px;--awb-spacing-left-large:3.255%;--awb-width-medium:100%;--awb-order-medium:0;--awb-spacing-right-medium:3.255%;--awb-spacing-left-medium:3.255%;--awb-width-small:100%;--awb-order-small:0;--awb-spacing-right-small:3.255%;--awb-spacing-left-small:3.255%;\"><div class=\"fusion-column-wrapper fusion-column-has-shadow fusion-flex-justify-content-flex-start fusion-content-layout-column\"><div class=\"fusion-title title fusion-title-1 fusion-sep-none fusion-title-text fusion-title-size-one\" style=\"--awb-margin-top:0px;--awb-margin-bottom:10px;\"><h1 class=\"fusion-title-heading title-heading-left fusion-responsive-typography-calculated\" style=\"margin:0;--fontSize:50;line-height:1.4;\">Politique de cookies<\/h1><\/div><\/div><\/div><\/div><\/div><div class=\"fusion-fullwidth fullwidth-box fusion-builder-row-2 fusion-flex-container nonhundred-percent-fullwidth non-hundred-percent-height-scrolling\" style=\"--awb-border-sizes-top:0px;--awb-border-sizes-bottom:2px;--awb-border-sizes-left:0px;--awb-border-sizes-right:0px;--awb-border-color:#eaeef1;--awb-border-radius-top-left:0px;--awb-border-radius-top-right:0px;--awb-border-radius-bottom-right:0px;--awb-border-radius-bottom-left:0px;--awb-flex-wrap:wrap;\" ><div class=\"fusion-builder-row fusion-row fusion-flex-align-items-flex-start fusion-flex-content-wrap\" style=\"max-width:1177px;margin-left: calc(-7% \/ 2 );margin-right: calc(-7% \/ 2 );\"><div class=\"fusion-layout-column fusion_builder_column fusion-builder-column-1 fusion_builder_column_1_1 1_1 fusion-flex-column\" style=\"--awb-bg-size:cover;--awb-width-large:100%;--awb-margin-top-large:0px;--awb-spacing-right-large:3.255%;--awb-margin-bottom-large:0px;--awb-spacing-left-large:3.255%;--awb-width-medium:100%;--awb-order-medium:0;--awb-spacing-right-medium:3.255%;--awb-spacing-left-medium:3.255%;--awb-width-small:100%;--awb-order-small:0;--awb-spacing-right-small:3.255%;--awb-spacing-left-small:3.255%;\"><div class=\"fusion-column-wrapper fusion-column-has-shadow fusion-flex-justify-content-flex-start fusion-content-layout-column\"><nav class=\"fusion-breadcrumbs awb-yoast-breadcrumbs fusion-breadcrumbs-1\" style=\"--awb-breadcrumb-sep:&#039;\/&#039;;\" aria-label=\"Breadcrumb\"><ol class=\"awb-breadcrumb-list\"><\/ol><\/nav><\/div><\/div><\/div><\/div>\n<div class=\"fusion-fullwidth fullwidth-box fusion-builder-row-3 fusion-flex-container nonhundred-percent-fullwidth non-hundred-percent-height-scrolling\" style=\"--awb-border-radius-top-left:0px;--awb-border-radius-top-right:0px;--awb-border-radius-bottom-right:0px;--awb-border-radius-bottom-left:0px;--awb-margin-top:40px;--awb-margin-bottom:40px;--awb-flex-wrap:wrap;\" ><div class=\"fusion-builder-row fusion-row fusion-flex-align-items-flex-start fusion-flex-justify-content-center fusion-flex-content-wrap\" style=\"max-width:1177px;margin-left: calc(-7% \/ 2 );margin-right: calc(-7% \/ 2 );\"><div class=\"fusion-layout-column fusion_builder_column fusion-builder-column-2 fusion_builder_column_4_5 4_5 fusion-flex-column\" style=\"--awb-bg-size:cover;--awb-width-large:80%;--awb-margin-top-large:0px;--awb-spacing-right-large:4.06875%;--awb-margin-bottom-large:0px;--awb-spacing-left-large:4.06875%;--awb-width-medium:80%;--awb-order-medium:0;--awb-spacing-right-medium:4.06875%;--awb-spacing-left-medium:4.06875%;--awb-width-small:100%;--awb-order-small:0;--awb-spacing-right-small:3.255%;--awb-spacing-left-small:3.255%;\"><div class=\"fusion-column-wrapper fusion-column-has-shadow fusion-flex-justify-content-flex-start fusion-content-layout-column\"><div class=\"fusion-text fusion-text-1\"><p>AIRFAL INTERNATIONAL S.L. informe de l&rsquo;utilisation de cookies sur son site Internet: https:\/\/www.airfal.com\/<\/p>\n<h3>Que sont les cookies?<\/h3>\n<p>Les cookies sont des fichiers qui peuvent \u00eatre t\u00e9l\u00e9charg\u00e9s sur votre ordinateur via des pages Web. Ce sont des outils qui jouent un r\u00f4le essentiel dans la fourniture de nombreux services de la soci\u00e9t\u00e9 de l&rsquo;information. Entre autres, ils permettent \u00e0 une page Web de stocker et de r\u00e9cup\u00e9rer des informations sur les habitudes de navigation d&rsquo;un utilisateur ou de son \u00e9quipement et, en fonction des informations obtenues, ils peuvent \u00eatre utilis\u00e9s pour reconna\u00eetre l&rsquo;utilisateur et am\u00e9liorer le service propos\u00e9.<\/p>\n<p><strong>Types de cookies<\/strong><\/p>\n<p>En fonction de l&rsquo;entit\u00e9 qui g\u00e8re le domaine \u00e0 partir duquel les cookies sont envoy\u00e9s et traite les donn\u00e9es obtenues, deux types peuvent \u00eatre distingu\u00e9s:<\/p>\n<p>\u2022 Cookies propres: ceux qui sont envoy\u00e9s \u00e0 l&rsquo;\u00e9quipement terminal de l&rsquo;utilisateur \u00e0 partir d&rsquo;un ordinateur ou d&rsquo;un domaine g\u00e9r\u00e9 par l&rsquo;\u00e9diteur lui-m\u00eame et \u00e0 partir duquel le service demand\u00e9 par l&rsquo;utilisateur est fourni.<br \/>\n\u2022 Cookies tiers: ceux qui sont envoy\u00e9s \u00e0 l&rsquo;\u00e9quipement terminal de l&rsquo;utilisateur \u00e0 partir d&rsquo;un ordinateur ou d&rsquo;un domaine qui n&rsquo;est pas g\u00e9r\u00e9 par l&rsquo;\u00e9diteur, mais par une autre entit\u00e9 qui traite les donn\u00e9es obtenues gr\u00e2ce aux cookies.<br \/>\nDans le cas o\u00f9 des cookies sont install\u00e9s \u00e0 partir d&rsquo;un ordinateur ou d&rsquo;un domaine g\u00e9r\u00e9 par l&rsquo;\u00e9diteur lui-m\u00eame mais que les informations collect\u00e9es par leur interm\u00e9diaire sont g\u00e9r\u00e9es par un tiers, ils ne peuvent pas \u00eatre consid\u00e9r\u00e9s comme des cookies propres.<br \/>\nIl existe \u00e9galement une deuxi\u00e8me classification en fonction de la dur\u00e9e pendant laquelle ils restent stock\u00e9s dans le navigateur du client, qui peut \u00eatre:<br \/>\n\u2022 Cookies de session: con\u00e7us pour collecter et stocker des donn\u00e9es pendant que l&rsquo;utilisateur acc\u00e8de \u00e0 une page Web. Ils sont g\u00e9n\u00e9ralement utilis\u00e9s pour stocker des informations qui ne sont int\u00e9ress\u00e9es \u00e0 conserver que pour la fourniture du service demand\u00e9 par l&rsquo;utilisateur en une seule fois (par exemple une liste de produits achet\u00e9s).<br \/>\n\u2022 Cookies persistants: les donn\u00e9es sont toujours stock\u00e9es dans le terminal et peuvent \u00eatre consult\u00e9es et trait\u00e9es pendant une p\u00e9riode d\u00e9finie par le responsable du cookie, qui peut aller de quelques minutes \u00e0 plusieurs ann\u00e9es.<\/p>\n<p>Enfin, il existe une autre classification avec cinq types de cookies en fonction de la finalit\u00e9 pour laquelle les donn\u00e9es obtenues sont trait\u00e9es:<\/p>\n<p>\u2022 Cookies techniques: ceux qui permettent \u00e0 l&rsquo;utilisateur de naviguer \u00e0 travers une page Web, une plate-forme ou une application et d&rsquo;utiliser les diff\u00e9rentes options ou services qui y existent, tels que, par exemple, contr\u00f4ler le trafic et la communication de donn\u00e9es, identifier la session, acc\u00e9der \u00e0 des parties de acc\u00e8s restreint, m\u00e9moriser les \u00e9l\u00e9ments qui composent une commande, effectuer le processus d&rsquo;achat d&rsquo;une commande, faire une demande d&rsquo;inscription ou de participation \u00e0 un \u00e9v\u00e9nement, utiliser des \u00e9l\u00e9ments de s\u00e9curit\u00e9 lors de la navigation, stocker du contenu pour la diffusion de vid\u00e9os ou de sons ou partager du contenu via r\u00e9seaux sociaux.<br \/>\n\u2022 Cookies de personnalisation: permettent \u00e0 l&rsquo;utilisateur d&rsquo;acc\u00e9der au service avec certaines caract\u00e9ristiques g\u00e9n\u00e9rales pr\u00e9d\u00e9finies en fonction d&rsquo;une s\u00e9rie de crit\u00e8res dans le terminal de l&rsquo;utilisateur, tels que la langue, le type de navigateur par lequel le service est accessible, les param\u00e8tres r\u00e9gionaux \u00e0 partir desquels vous acc\u00e9dez le service, etc.<br \/>\n\u2022 Cookies d&rsquo;analyse: permettent \u00e0 leur responsable de surveiller et d&rsquo;analyser le comportement des utilisateurs des sites Web auxquels ils sont li\u00e9s. Les informations collect\u00e9es via ce type de cookies sont utilis\u00e9es pour mesurer l&rsquo;activit\u00e9 des sites Web, de l&rsquo;application ou de la plate-forme et pour cr\u00e9er des profils de navigation des utilisateurs desdits sites, applications et plates-formes, afin d&rsquo;introduire des am\u00e9liorations en fonction de l&rsquo;analyse de l&rsquo;utilisation. donn\u00e9es r\u00e9alis\u00e9es par les utilisateurs du service.<br \/>\n\u2022 Cookies publicitaires: permettent la gestion, de la mani\u00e8re la plus efficace possible, des espaces publicitaires.<br \/>\n\u2022 Cookies de publicit\u00e9 comportementale: ils stockent des informations sur le comportement des utilisateurs obtenues gr\u00e2ce \u00e0 l&rsquo;observation continue de leurs habitudes de navigation, ce qui permet le d\u00e9veloppement d&rsquo;un profil sp\u00e9cifique pour afficher des publicit\u00e9s bas\u00e9es sur celui-ci.<br \/>\n\u2022 Cookies des r\u00e9seaux sociaux externes: ils sont utilis\u00e9s pour que les visiteurs puissent interagir avec le contenu des diff\u00e9rentes plateformes sociales (facebook, youtube, twitter, linkedIn, etc.) et qu&rsquo;ils ne soient g\u00e9n\u00e9r\u00e9s que pour les utilisateurs desdits r\u00e9seaux sociaux. Les conditions d&rsquo;utilisation de ces cookies et les informations collect\u00e9es sont r\u00e9gies par la politique de confidentialit\u00e9 de la plateforme sociale correspondante.<\/p>\n<h3>D\u00e9sactivation et \u00e9limination des cookies<\/h3>\n<p>Vous avez la possibilit\u00e9 d&rsquo;autoriser, de bloquer ou de supprimer les cookies install\u00e9s sur votre ordinateur en configurant les options du navigateur install\u00e9 sur votre ordinateur. En d\u00e9sactivant les cookies, certains des services disponibles peuvent cesser d&rsquo;\u00eatre op\u00e9rationnels. La fa\u00e7on de d\u00e9sactiver les cookies est diff\u00e9rente pour chaque navigateur, mais cela peut g\u00e9n\u00e9ralement \u00eatre fait \u00e0 partir du menu Outils<br \/>\nu Options. Vous pouvez \u00e9galement consulter le menu Aide du navigateur o\u00f9 vous pouvez trouver des instructions. L&rsquo;utilisateur peut \u00e0 tout moment choisir les cookies qu&rsquo;il souhaite utiliser sur ce site.<\/p>\n<p>Vous pouvez autoriser, bloquer ou supprimer les cookies install\u00e9s sur votre ordinateur en configurant les options du navigateur install\u00e9es sur votre ordinateur:<br \/>\n\u2022 Microsoft Internet Explorer ou Microsoft Edge:<br \/>\nhttp:\/\/windows.microsoft.com\/es-es\/windows-vista\/Block-or-allow-cookies<br \/>\n\u2022 Mozilla Firefox: http:\/\/support.mozilla.org\/es\/kb\/impedir-que-los-sitios-web-guarden-sus-preferencia<br \/>\n\u2022 Chrome: https:\/\/support.google.com\/accounts\/answer\/61416?hl=es<br \/>\n\u2022 Safari: http:\/\/safari.helpmax.net\/es\/privacidad-y-seguridad\/como-gestionar-las-cookies\/<br \/>\n\u2022 Opera: http:\/\/help.opera.com\/Linux\/10.60\/es-ES\/cookies.html<\/p>\n<p>En outre, vous pouvez \u00e9galement g\u00e9rer le magasin de cookies dans votre navigateur gr\u00e2ce \u00e0 des outils tels que les suivants<br \/>\n\u2022 Ghostery: www.ghostery.com\/<br \/>\n\u2022 Vos choix en ligne: www.youronlinechoices.com\/es\/<\/p>\n<h3>Cookies utilis\u00e9s sur https:\/\/www.airfal.com\/<\/h3>\n<p>Les cookies utilis\u00e9s dans ce portail ainsi que leur type et leur fonction sont identifi\u00e9s ci-dessous:<\/p>\n<p>&#8211; Cookies techniques: ce sont ceux qui permettent \u00e0 l&rsquo;utilisateur de naviguer \u00e0 travers une page Web, une plate-forme ou une application et d&rsquo;utiliser les diff\u00e9rentes options ou services qui y existent, tels que, par exemple, contr\u00f4ler le trafic et la communication de donn\u00e9es, identifier la session, acc\u00e9der parties d&rsquo;acc\u00e8s restreint, m\u00e9moriser les \u00e9l\u00e9ments qui composent une commande, effectuer le processus d&rsquo;achat d&rsquo;une commande, faire la demande d&rsquo;inscription ou de participation \u00e0 un \u00e9v\u00e9nement, utiliser des \u00e9l\u00e9ments de s\u00e9curit\u00e9 lors de la navigation, stocker du contenu pour la diffusion de vid\u00e9os ou de son ou partager du contenu via les r\u00e9seaux sociaux.<\/p>\n<p>&#8211; Cookies de personnalisation: ce sont ceux qui permettent \u00e0 l&rsquo;utilisateur d&rsquo;acc\u00e9der au service avec certaines caract\u00e9ristiques g\u00e9n\u00e9rales pr\u00e9d\u00e9finies en fonction d&rsquo;une s\u00e9rie de crit\u00e8res dans le terminal de l&rsquo;utilisateur, tels que la langue, le type de navigateur par lequel l&rsquo;utilisateur acc\u00e8de au service, les param\u00e8tres r\u00e9gionaux d&rsquo;o\u00f9 vous acc\u00e9dez au service, etc.<\/p>\n<p>&#8211; Cookies d&rsquo;analyse: ce sont ceux qui sont bien trait\u00e9s par nous ou par des tiers, nous permettent de quantifier le nombre d&rsquo;utilisateurs et ainsi de r\u00e9aliser la mesure statistique et l&rsquo;analyse de l&rsquo;utilisation que font les utilisateurs du service propos\u00e9. Pour cela, votre navigation sur notre site internet est analys\u00e9e afin d&rsquo;am\u00e9liorer l&rsquo;offre de produits ou services que nous vous proposons.<\/p>\n<p>&#8211; Cookies tiers: AIRFAL INTERNATIONAL S.L. . Vous pouvez utiliser des services tiers qui, au nom d&rsquo;AIRFAL INTERNATIONAL S.L. , collectera des informations \u00e0 des fins statistiques, sur l&rsquo;utilisation du site par l&rsquo;utilisateur et pour la fourniture d&rsquo;autres services li\u00e9s \u00e0 l&rsquo;activit\u00e9 du site Web et d&rsquo;autres services Internet.<\/p>\n<p>En particulier, ce site Web utilise Google Analytics, un service d&rsquo;analyse Web fourni par Google, Inc. domicili\u00e9 aux \u00c9tats-Unis avec si\u00e8ge social au 1600 Amphitheatre Parkway, Mountain View, Californie 94043. Pour la fourniture de ces services, ils utilisent des cookies qui collectent des informations , y compris l&rsquo;adresse IP de l&rsquo;utilisateur, qui sera transmise, trait\u00e9e et stock\u00e9e par Google dans les conditions d\u00e9finies sur le site Web Google.com. Y compris la transmission \u00e9ventuelle desdites informations \u00e0 des tiers pour des raisons d&rsquo;obligation l\u00e9gale ou lorsque ces tiers traitent les informations pour le compte de Google.<\/p>\n<p>Les cookies utilis\u00e9s sur notre site Web sont regroup\u00e9s dans les cat\u00e9gories suivantes.<\/p>\n<p>[cookie_category]<\/p>\n<p>La liste suivante d\u00e9taille les cookies utilis\u00e9s sur notre site Web.[cookie_audit_category columns=\u00a0\u00bbcookie,type,duration,description\u00a0\u00bb]<\/p>\n<h3>Acceptation de la politique de cookies<\/h3>\n<p>https:\/\/www.airfal.com\/ suppose que vous acceptez l&rsquo;utilisation de cookies. Cependant, il affiche des informations sur sa politique de cookies en bas ou en haut de n&rsquo;importe quelle page du portail \u00e0 chaque connexion afin que vous en soyez conscient.<\/p>\n<p>Compte tenu de ces informations, il est possible de r\u00e9aliser les actions suivantes:<br \/>\n\u2022 Accepter les cookies. Cet avis ne sera plus affich\u00e9 lors de l&rsquo;acc\u00e8s \u00e0 une page du portail au cours de cette session.<br \/>\n\u2022 Fermer. L&rsquo;avis est masqu\u00e9 sur cette page.<br \/>\n\u2022 Modifiez votre configuration. Vous pouvez obtenir plus d&rsquo;informations sur ce que sont les cookies, conna\u00eetre la politique en mati\u00e8re de cookies de https:\/\/www.airfal.com\/ et modifier la configuration de votre navigateur.<\/p>\n<\/div><\/div><\/div><\/div><\/div><\/p>\n","protected":false},"excerpt":{"rendered":"","protected":false},"author":5,"featured_media":0,"parent":0,"menu_order":0,"comment_status":"closed","ping_status":"closed","template":"100-width.php","meta":{"_acf_changed":false,"footnotes":""},"class_list":["post-4152","page","type-page","status-publish","hentry"],"acf":[],"yoast_head":"<!-- This site is optimized with the Yoast SEO plugin v27.4 - https:\/\/yoast.com\/product\/yoast-seo-wordpress\/ -->\n<title>Politique de cookies - Airfal<\/title>\n<meta name=\"description\" content=\"Politique de cookies d\u2019Airfal: comment nous utilisons les cookies pour am\u00e9liorer exp\u00e9rience, analyses et fonctionnalit\u00e9s.\" \/>\n<meta name=\"robots\" content=\"index, follow, max-snippet:-1, max-image-preview:large, max-video-preview:-1\" \/>\n<link rel=\"canonical\" href=\"https:\/\/www.airfal.com\/fr\/politique-de-cookies\/\" \/>\n<meta property=\"og:locale\" content=\"fr_FR\" \/>\n<meta property=\"og:type\" content=\"article\" \/>\n<meta property=\"og:title\" content=\"Politique de cookies - Airfal\" \/>\n<meta property=\"og:description\" content=\"Politique de cookies d\u2019Airfal: comment nous utilisons les cookies pour am\u00e9liorer exp\u00e9rience, analyses et fonctionnalit\u00e9s.\" \/>\n<meta property=\"og:url\" content=\"https:\/\/www.airfal.com\/fr\/politique-de-cookies\/\" \/>\n<meta property=\"og:site_name\" content=\"Airfal\" \/>\n<meta property=\"article:modified_time\" content=\"2026-01-28T19:39:24+00:00\" \/>\n<meta name=\"twitter:card\" content=\"summary_large_image\" \/>\n<meta name=\"twitter:label1\" content=\"Dur\u00e9e de lecture estim\u00e9e\" \/>\n\t<meta name=\"twitter:data1\" content=\"9 minutes\" \/>\n<script type=\"application\/ld+json\" class=\"yoast-schema-graph\">{\"@context\":\"https:\\\/\\\/schema.org\",\"@graph\":[{\"@type\":\"WebPage\",\"@id\":\"https:\\\/\\\/www.airfal.com\\\/fr\\\/politique-de-cookies\\\/\",\"url\":\"https:\\\/\\\/www.airfal.com\\\/fr\\\/politique-de-cookies\\\/\",\"name\":\"Politique de cookies - Airfal\",\"isPartOf\":{\"@id\":\"https:\\\/\\\/www.airfal.com\\\/fr\\\/#website\"},\"datePublished\":\"2021-02-10T12:48:52+00:00\",\"dateModified\":\"2026-01-28T19:39:24+00:00\",\"description\":\"Politique de cookies d\u2019Airfal: comment nous utilisons les cookies pour am\u00e9liorer exp\u00e9rience, analyses et fonctionnalit\u00e9s.\",\"breadcrumb\":{\"@id\":\"https:\\\/\\\/www.airfal.com\\\/fr\\\/politique-de-cookies\\\/#breadcrumb\"},\"inLanguage\":\"fr-FR\",\"potentialAction\":[{\"@type\":\"ReadAction\",\"target\":[\"https:\\\/\\\/www.airfal.com\\\/fr\\\/politique-de-cookies\\\/\"]}]},{\"@type\":\"BreadcrumbList\",\"@id\":\"https:\\\/\\\/www.airfal.com\\\/fr\\\/politique-de-cookies\\\/#breadcrumb\",\"itemListElement\":[{\"@type\":\"ListItem\",\"position\":1,\"name\":\"Airfal\",\"item\":\"https:\\\/\\\/www.airfal.com\\\/fr\\\/\"},{\"@type\":\"ListItem\",\"position\":2,\"name\":\"Politique de cookies\"}]},{\"@type\":\"WebSite\",\"@id\":\"https:\\\/\\\/www.airfal.com\\\/fr\\\/#website\",\"url\":\"https:\\\/\\\/www.airfal.com\\\/fr\\\/\",\"name\":\"Airfal\",\"description\":\"Proyectos de eficiencia energ\u00e9tica en industria ATEX con iluminaci\u00f3n y sensores\",\"publisher\":{\"@id\":\"https:\\\/\\\/www.airfal.com\\\/fr\\\/#organization\"},\"potentialAction\":[{\"@type\":\"SearchAction\",\"target\":{\"@type\":\"EntryPoint\",\"urlTemplate\":\"https:\\\/\\\/www.airfal.com\\\/fr\\\/?s={search_term_string}\"},\"query-input\":{\"@type\":\"PropertyValueSpecification\",\"valueRequired\":true,\"valueName\":\"search_term_string\"}}],\"inLanguage\":\"fr-FR\"},{\"@type\":\"Organization\",\"@id\":\"https:\\\/\\\/www.airfal.com\\\/fr\\\/#organization\",\"name\":\"Airfal\",\"url\":\"https:\\\/\\\/www.airfal.com\\\/fr\\\/\",\"logo\":{\"@type\":\"ImageObject\",\"inLanguage\":\"fr-FR\",\"@id\":\"https:\\\/\\\/www.airfal.com\\\/fr\\\/#\\\/schema\\\/logo\\\/image\\\/\",\"url\":\"https:\\\/\\\/www.airfal.com\\\/wp-content\\\/uploads\\\/2021\\\/05\\\/Logo-AIRFAL-1.jpg\",\"contentUrl\":\"https:\\\/\\\/www.airfal.com\\\/wp-content\\\/uploads\\\/2021\\\/05\\\/Logo-AIRFAL-1.jpg\",\"width\":2481,\"height\":1754,\"caption\":\"Airfal\"},\"image\":{\"@id\":\"https:\\\/\\\/www.airfal.com\\\/fr\\\/#\\\/schema\\\/logo\\\/image\\\/\"}}]}<\/script>\n<!-- \/ Yoast SEO plugin. -->","yoast_head_json":{"title":"Politique de cookies - Airfal","description":"Politique de cookies d\u2019Airfal: comment nous utilisons les cookies pour am\u00e9liorer exp\u00e9rience, analyses et fonctionnalit\u00e9s.","robots":{"index":"index","follow":"follow","max-snippet":"max-snippet:-1","max-image-preview":"max-image-preview:large","max-video-preview":"max-video-preview:-1"},"canonical":"https:\/\/www.airfal.com\/fr\/politique-de-cookies\/","og_locale":"fr_FR","og_type":"article","og_title":"Politique de cookies - Airfal","og_description":"Politique de cookies d\u2019Airfal: comment nous utilisons les cookies pour am\u00e9liorer exp\u00e9rience, analyses et fonctionnalit\u00e9s.","og_url":"https:\/\/www.airfal.com\/fr\/politique-de-cookies\/","og_site_name":"Airfal","article_modified_time":"2026-01-28T19:39:24+00:00","twitter_card":"summary_large_image","twitter_misc":{"Dur\u00e9e de lecture estim\u00e9e":"9 minutes"},"schema":{"@context":"https:\/\/schema.org","@graph":[{"@type":"WebPage","@id":"https:\/\/www.airfal.com\/fr\/politique-de-cookies\/","url":"https:\/\/www.airfal.com\/fr\/politique-de-cookies\/","name":"Politique de cookies - Airfal","isPartOf":{"@id":"https:\/\/www.airfal.com\/fr\/#website"},"datePublished":"2021-02-10T12:48:52+00:00","dateModified":"2026-01-28T19:39:24+00:00","description":"Politique de cookies d\u2019Airfal: comment nous utilisons les cookies pour am\u00e9liorer exp\u00e9rience, analyses et fonctionnalit\u00e9s.","breadcrumb":{"@id":"https:\/\/www.airfal.com\/fr\/politique-de-cookies\/#breadcrumb"},"inLanguage":"fr-FR","potentialAction":[{"@type":"ReadAction","target":["https:\/\/www.airfal.com\/fr\/politique-de-cookies\/"]}]},{"@type":"BreadcrumbList","@id":"https:\/\/www.airfal.com\/fr\/politique-de-cookies\/#breadcrumb","itemListElement":[{"@type":"ListItem","position":1,"name":"Airfal","item":"https:\/\/www.airfal.com\/fr\/"},{"@type":"ListItem","position":2,"name":"Politique de cookies"}]},{"@type":"WebSite","@id":"https:\/\/www.airfal.com\/fr\/#website","url":"https:\/\/www.airfal.com\/fr\/","name":"Airfal","description":"Proyectos de eficiencia energ\u00e9tica en industria ATEX con iluminaci\u00f3n y sensores","publisher":{"@id":"https:\/\/www.airfal.com\/fr\/#organization"},"potentialAction":[{"@type":"SearchAction","target":{"@type":"EntryPoint","urlTemplate":"https:\/\/www.airfal.com\/fr\/?s={search_term_string}"},"query-input":{"@type":"PropertyValueSpecification","valueRequired":true,"valueName":"search_term_string"}}],"inLanguage":"fr-FR"},{"@type":"Organization","@id":"https:\/\/www.airfal.com\/fr\/#organization","name":"Airfal","url":"https:\/\/www.airfal.com\/fr\/","logo":{"@type":"ImageObject","inLanguage":"fr-FR","@id":"https:\/\/www.airfal.com\/fr\/#\/schema\/logo\/image\/","url":"https:\/\/www.airfal.com\/wp-content\/uploads\/2021\/05\/Logo-AIRFAL-1.jpg","contentUrl":"https:\/\/www.airfal.com\/wp-content\/uploads\/2021\/05\/Logo-AIRFAL-1.jpg","width":2481,"height":1754,"caption":"Airfal"},"image":{"@id":"https:\/\/www.airfal.com\/fr\/#\/schema\/logo\/image\/"}}]}},"_links":{"self":[{"href":"https:\/\/www.airfal.com\/fr\/wp-json\/wp\/v2\/pages\/4152","targetHints":{"allow":["GET"]}}],"collection":[{"href":"https:\/\/www.airfal.com\/fr\/wp-json\/wp\/v2\/pages"}],"about":[{"href":"https:\/\/www.airfal.com\/fr\/wp-json\/wp\/v2\/types\/page"}],"author":[{"embeddable":true,"href":"https:\/\/www.airfal.com\/fr\/wp-json\/wp\/v2\/users\/5"}],"replies":[{"embeddable":true,"href":"https:\/\/www.airfal.com\/fr\/wp-json\/wp\/v2\/comments?post=4152"}],"version-history":[{"count":1,"href":"https:\/\/www.airfal.com\/fr\/wp-json\/wp\/v2\/pages\/4152\/revisions"}],"predecessor-version":[{"id":27851,"href":"https:\/\/www.airfal.com\/fr\/wp-json\/wp\/v2\/pages\/4152\/revisions\/27851"}],"wp:attachment":[{"href":"https:\/\/www.airfal.com\/fr\/wp-json\/wp\/v2\/media?parent=4152"}],"curies":[{"name":"wp","href":"https:\/\/api.w.org\/{rel}","templated":true}]}}