{"id":4153,"date":"2021-02-10T07:40:25","date_gmt":"2021-02-10T07:40:25","guid":{"rendered":"https:\/\/www.airfal.com\/politica-privacidad\/"},"modified":"2025-12-30T18:18:47","modified_gmt":"2025-12-30T17:18:47","slug":"politique-de-confidentialite","status":"publish","type":"page","link":"https:\/\/www.airfal.com\/fr\/politique-de-confidentialite\/","title":{"rendered":"Politique de confidentialit\u00e9"},"content":{"rendered":"<p><div class=\"fusion-fullwidth fullwidth-box fusion-builder-row-1 fusion-flex-container fusion-parallax-none nonhundred-percent-fullwidth non-hundred-percent-height-scrolling\" style=\"--awb-background-position:center top;--awb-background-blend-mode:screen;--awb-border-radius-top-left:0px;--awb-border-radius-top-right:0px;--awb-border-radius-bottom-right:0px;--awb-border-radius-bottom-left:0px;--awb-padding-top:40px;--awb-padding-bottom:40px;--awb-min-height:200px;--awb-background-color:#eaeef1;--awb-background-image:url(&quot;https:\/\/www.airfal.com\/wp-content\/uploads\/2021\/02\/tech-bg.png&quot;);--awb-background-size:cover;--awb-flex-wrap:wrap;\" ><div class=\"fusion-builder-row fusion-row fusion-flex-align-items-flex-end fusion-flex-align-content-flex-end fusion-flex-content-wrap\" style=\"max-width:1177px;margin-left: calc(-7% \/ 2 );margin-right: calc(-7% \/ 2 );\"><div class=\"fusion-layout-column fusion_builder_column fusion-builder-column-0 fusion_builder_column_1_1 1_1 fusion-flex-column\" style=\"--awb-bg-size:cover;--awb-width-large:100%;--awb-margin-top-large:0px;--awb-spacing-right-large:3.255%;--awb-margin-bottom-large:0px;--awb-spacing-left-large:3.255%;--awb-width-medium:100%;--awb-order-medium:0;--awb-spacing-right-medium:3.255%;--awb-spacing-left-medium:3.255%;--awb-width-small:100%;--awb-order-small:0;--awb-spacing-right-small:3.255%;--awb-spacing-left-small:3.255%;\"><div class=\"fusion-column-wrapper fusion-column-has-shadow fusion-flex-justify-content-flex-start fusion-content-layout-column\"><div class=\"fusion-title title fusion-title-1 fusion-sep-none fusion-title-text fusion-title-size-one\" style=\"--awb-margin-top:0px;--awb-margin-bottom:10px;\"><h1 class=\"fusion-title-heading title-heading-left fusion-responsive-typography-calculated\" style=\"margin:0;--fontSize:50;line-height:1.4;\">Politique de confidentialit\u00e9<\/h1><\/div><\/div><\/div><\/div><\/div><div class=\"fusion-fullwidth fullwidth-box fusion-builder-row-2 fusion-flex-container nonhundred-percent-fullwidth non-hundred-percent-height-scrolling\" style=\"--awb-border-sizes-top:0px;--awb-border-sizes-bottom:2px;--awb-border-sizes-left:0px;--awb-border-sizes-right:0px;--awb-border-color:#eaeef1;--awb-border-radius-top-left:0px;--awb-border-radius-top-right:0px;--awb-border-radius-bottom-right:0px;--awb-border-radius-bottom-left:0px;--awb-flex-wrap:wrap;\" ><div class=\"fusion-builder-row fusion-row fusion-flex-align-items-flex-start fusion-flex-content-wrap\" style=\"max-width:1177px;margin-left: calc(-7% \/ 2 );margin-right: calc(-7% \/ 2 );\"><div class=\"fusion-layout-column fusion_builder_column fusion-builder-column-1 fusion_builder_column_1_1 1_1 fusion-flex-column\" style=\"--awb-bg-size:cover;--awb-width-large:100%;--awb-margin-top-large:0px;--awb-spacing-right-large:3.255%;--awb-margin-bottom-large:0px;--awb-spacing-left-large:3.255%;--awb-width-medium:100%;--awb-order-medium:0;--awb-spacing-right-medium:3.255%;--awb-spacing-left-medium:3.255%;--awb-width-small:100%;--awb-order-small:0;--awb-spacing-right-small:3.255%;--awb-spacing-left-small:3.255%;\"><div class=\"fusion-column-wrapper fusion-column-has-shadow fusion-flex-justify-content-flex-start fusion-content-layout-column\"><nav class=\"fusion-breadcrumbs awb-yoast-breadcrumbs fusion-breadcrumbs-1\" style=\"--awb-breadcrumb-sep:&#039;\/&#039;;\" aria-label=\"Breadcrumb\"><ol class=\"awb-breadcrumb-list\"><\/ol><\/nav><\/div><\/div><\/div><\/div>\n<div class=\"fusion-fullwidth fullwidth-box fusion-builder-row-3 fusion-flex-container nonhundred-percent-fullwidth non-hundred-percent-height-scrolling\" style=\"--awb-border-radius-top-left:0px;--awb-border-radius-top-right:0px;--awb-border-radius-bottom-right:0px;--awb-border-radius-bottom-left:0px;--awb-margin-top:40px;--awb-margin-bottom:40px;--awb-flex-wrap:wrap;\" ><div class=\"fusion-builder-row fusion-row fusion-flex-align-items-flex-start fusion-flex-justify-content-center fusion-flex-content-wrap\" style=\"max-width:1177px;margin-left: calc(-7% \/ 2 );margin-right: calc(-7% \/ 2 );\"><div class=\"fusion-layout-column fusion_builder_column fusion-builder-column-2 fusion_builder_column_4_5 4_5 fusion-flex-column\" style=\"--awb-bg-size:cover;--awb-width-large:80%;--awb-margin-top-large:0px;--awb-spacing-right-large:4.06875%;--awb-margin-bottom-large:0px;--awb-spacing-left-large:4.06875%;--awb-width-medium:80%;--awb-order-medium:0;--awb-spacing-right-medium:4.06875%;--awb-spacing-left-medium:4.06875%;--awb-width-small:100%;--awb-order-small:0;--awb-spacing-right-small:3.255%;--awb-spacing-left-small:3.255%;\"><div class=\"fusion-column-wrapper fusion-column-has-shadow fusion-flex-justify-content-flex-start fusion-content-layout-column\"><div class=\"fusion-text fusion-text-1\"><p>Protecci\u00f3n de datos de car\u00e1cter personal seg\u00fan la LOPD AIRFAL INTERNATIONAL S.L. , en aplicaci\u00f3n de la normativa vigente en materia de protecci\u00f3n de datos de car\u00e1cter<br \/>\npersonal, informa que los datos personales que se recogen a trav\u00e9s de los formularios del Sitio web: https:\/\/www.airfal.com\/, se incluyen en los ficheros automatizados espec\u00edficos de usuarios de los servicios\u00a0de AIRFAL INTERNATIONAL S.L.<\/p>\n<p>La recogida y tratamiento automatizado de los datos de car\u00e1cter personal tiene como finalidad el mantenimiento de la\u00a0relaci\u00f3n comercial y el desempe\u00f1o de tareas de informaci\u00f3n, formaci\u00f3n, asesoramiento y otras actividades propias de AIRFAL INTERNATIONAL S.L.<\/p>\n<p>Estos datos \u00fanicamente ser\u00e1n cedidos a aquellas entidades que sean necesarias con el \u00fanico objetivo de dar\u00a0cumplimiento a la finalidad anteriormente expuesta.<br \/>\nAIRFAL INTERNATIONAL S.L. adopta las medidas necesarias para garantizar la seguridad, integridad y\u00a0confidencialidad de los datos conforme a lo dispuesto en el Reglamento (UE) 2016\/679 del Parlamento Europeo y del\u00a0Consejo, de 27 de abril de 2016, relativo a la protecci\u00f3n de las personas f\u00edsicas en lo que respecta al tratamiento de datos\u00a0personales y a la libre circulaci\u00f3n de los mismos.<br \/>\nEl usuario podr\u00e1 en cualquier momento ejercitar los derechos de acceso, oposici\u00f3n, rectificaci\u00f3n y cancelaci\u00f3n\u00a0reconocidos en el citado Reglamento (UE). El ejercicio de estos derechos puede realizarlo el propio usuario a trav\u00e9s de\u00a0email a: marketing@airfal.com o en la direcci\u00f3n: Pol\u00edgono San Miguel, C\\ R\u00edo \u00c9sera 4, 50.830 \u2013 Villanueva de G\u00e1llego (Zaragoza)<br \/>\nEl usuario manifiesta que todos los datos facilitados por \u00e9l son ciertos y correctos, y se compromete a mantenerlos\u00a0actualizados, comunicando los cambios a AIRFAL INTERNATIONAL S.L.<\/p>\n<h3>Finalidad del tratamiento de los datos personales:<\/h3>\n<p>\u00bfCon qu\u00e9 finalidad trataremos tus datos personales?<br \/>\nEn AIRFAL INTERNATIONAL S.L. , trataremos tus datos personales recabados a trav\u00e9s del Sitio Web: https:\/\/www.airfal.com\/, con las siguientes finalidades:<br \/>\n1. En caso de contrataci\u00f3n de los bienes y servicios ofertados a trav\u00e9s de AIRFAL INTERNATIONAL S.L., para\u00a0mantener la relaci\u00f3n contractual, as\u00ed como la gesti\u00f3n, administraci\u00f3n, informaci\u00f3n, prestaci\u00f3n y mejora del\u00a0servicio.<br \/>\n2. Env\u00edo de informaci\u00f3n solicitada a trav\u00e9s de los formularios dispuestos en AIRFAL INTERNATIONAL S.L.<\/p>\n<p>3. Remitir boletines (newsletters), as\u00ed como comunicaciones comerciales de promociones y\/o publicidad de AIRFAL INTERNATIONAL S.L. y del sector.<br \/>\nTe recordamos que puedes oponerte al env\u00edo de comunicaciones comerciales por cualquier v\u00eda y en cualquier momento,\u00a0remitiendo un correo electr\u00f3nico a la direcci\u00f3n indicada anteriormente.<br \/>\nLos campos de dichos registros son de cumplimentaci\u00f3n obligatoria, siendo imposible realizar las finalidades expresadas si\u00a0no se aportan esos datos.<\/p>\n<p>\u00bfPor cu\u00e1nto tiempo se conservan los datos personales recabados?<br \/>\nLos datos personales proporcionados se conservar\u00e1n mientras se mantenga la relaci\u00f3n comercial o no solicites su\u00a0supresi\u00f3n y durante el plazo por el cu\u00e1l pudieran derivarse responsabilidades legales por los servicios prestados.<\/p>\n<h3>Legitimaci\u00f3n:<\/h3>\n<p>El tratamiento de tus datos se realiza con las siguientes bases jur\u00eddicas que legitiman el mismo:<br \/>\n1. La solicitud de informaci\u00f3n y\/o la contrataci\u00f3n de los servicios de AIRFAL INTERNATIONAL S.L., cuyos\u00a0t\u00e9rminos y condiciones se pondr\u00e1n a tu disposici\u00f3n en todo caso, de forma previa a una eventual contrataci\u00f3n.<br \/>\n2. El consentimiento libre, espec\u00edfico, informado e inequ\u00edvoco, en tanto que te informamos poniendo a tu\u00a0disposici\u00f3n la presente pol\u00edtica de privacidad, que tras la lectura de la misma, en caso de estar conforme, puedes\u00a0aceptar mediante una declaraci\u00f3n o una clara acci\u00f3n afirmativa, como el marcado de una casilla dispuesta al\u00a0efecto.<br \/>\nEn caso de que no nos facilites tus datos o lo hagas de forma err\u00f3nea o incompleta, no podremos atender tu solicitud,\u00a0resultando del todo imposible proporcionarte la informaci\u00f3n solicitada o llevar a cabo la contrataci\u00f3n de los servicios.<\/p>\n<h3>Destinatarios:<\/h3>\n<p>Los datos no se comunicar\u00e1n a ning\u00fan tercero ajeno a AIRFAL INTERNATIONAL S.L., salvo obligaci\u00f3n legal.<\/p>\n<h3>Datos recopilados por usuarios de los servicios<\/h3>\n<p>En los casos en que el usuario incluya ficheros con datos de car\u00e1cter personal en los servidores de alojamiento\u00a0compartido, AIRFAL INTERNATIONAL S.L. no se hace responsable del incumplimiento por parte del\u00a0usuario del RGPD.<br \/>\nRetenci\u00f3n de datos en conformidad a la LSSI AIRFAL INTERNATIONAL S.L. informa de que, como prestador de servicio de alojamiento de datos y en\u00a0virtud de lo establecido en la Ley 34\/2002 de 11 de julio de Servicios de la Sociedad de la Informaci\u00f3n y de Comercio\u00a0Electr\u00f3nico (LSSI), retiene por un periodo m\u00e1ximo de 12 meses la informaci\u00f3n imprescindible para identificar el origen de\u00a0los datos alojados y el momento en que se inici\u00f3 la prestaci\u00f3n del servicio. La retenci\u00f3n de estos datos no afecta al\u00a0secreto de las comunicaciones y s\u00f3lo podr\u00e1n ser utilizados en el marco de una investigaci\u00f3n criminal o para la\u00a0salvaguardia de la seguridad p\u00fablica, poni\u00e9ndose a disposici\u00f3n de los jueces y\/o tribunales o del Ministerio que as\u00ed los<br \/>\nrequiera.<br \/>\nLa comunicaci\u00f3n de datos a las Fuerzas y Cuerpos del Estado se har\u00e1 en virtud a lo dispuesto en la normativa sobre\u00a0protecci\u00f3n de datos personales.<\/p>\n<h3>Derechos propiedad intelectual<\/h3>\n<p>AIRFAL INTERNATIONAL S.L. es titular de todos los derechos de autor, propiedad intelectual, industrial,\u00a0\u00abknow how\u00bb y cuantos otros derechos guardan relaci\u00f3n con los contenidos del sitio web https:\/\/www.airfal.com\/ y los\u00a0servicios ofertados en el mismo, as\u00ed como de los programas necesarios para su implementaci\u00f3n y la informaci\u00f3n\u00a0relacionada.<br \/>\nNo se permite la reproducci\u00f3n, publicaci\u00f3n y\/o uso no estrictamente privado de los contenidos, totales o parciales, del\u00a0sitio web https:\/\/www.airfal.com\/ sin el consentimiento previo y por escrito.<\/p>\n<h3>Propiedad intelectual del software<\/h3>\n<p>El usuario debe respetar los programas de terceros puestos a su disposici\u00f3n por AIRFAL INTERNATIONAL S.L. , aun\u00a0siendo gratuitos y\/o de disposici\u00f3n p\u00fablica.<br \/>\nAIRFAL INTERNATIONAL S.L. dispone de los derechos de explotaci\u00f3n y propiedad intelectual necesarios del software.<br \/>\nEl usuario no adquiere derecho alguno o licencia por el servicio contratado, sobre el software necesario para la prestaci\u00f3n\u00a0del servicio, ni tampoco sobre la informaci\u00f3n t\u00e9cnica de seguimiento del servicio, excepci\u00f3n hecha de los derechos y\u00a0licencias necesarios para el cumplimiento de los servicios contratados y \u00fanicamente durante la duraci\u00f3n de los mismos.<br \/>\nPara toda actuaci\u00f3n que exceda del cumplimiento del contrato, el usuario necesitar\u00e1 autorizaci\u00f3n por escrito por parte de AIRFAL INTERNATIONAL S.L. , quedando prohibido al usuario acceder, modificar, visualizar la configuraci\u00f3n,\u00a0estructura y ficheros de los servidores propiedad de AIRFAL INTERNATIONAL S.L. , asumiendo la responsabilidad\u00a0civil y penal derivada de cualquier incidencia que se pudiera producir en los servidores y sistemas de seguridad como\u00a0consecuencia directa de una actuaci\u00f3n negligente o maliciosa por su parte.<br \/>\nPropiedad intelectual de los contenidos alojados\u00a0Se proh\u00edbe el uso contrario a la legislaci\u00f3n sobre propiedad intelectual de los servicios prestados por AIRFAL INTERNATIONAL S.L. y, en particular de:<br \/>\n\u2022 La utilizaci\u00f3n que resulte contraria a las leyes espa\u00f1olas o que infrinja los derechos de terceros.<br \/>\n\u2022 La publicaci\u00f3n o la transmisi\u00f3n de cualquier contenido que, a juicio de AIRFAL INTERNATIONAL S.L. , resulte\u00a0violento, obsceno, abusivo, ilegal, racial, xen\u00f3fobo o difamatorio.<br \/>\n\u2022 Los cracks, n\u00fameros de serie de programas o cualquier otro contenido que vulnere derechos de la propiedad\u00a0intelectual de terceros.<br \/>\n\u2022 La recogida y\/o utilizaci\u00f3n de datos personales de otros usuarios sin su consentimiento expreso o contraviniendo\u00a0lo dispuesto en Reglamento (UE) 2016\/679 del Parlamento Europeo y del Consejo, de 27 de abril de 2016,\u00a0relativo a la protecci\u00f3n de las personas f\u00edsicas en lo que respecta al tratamiento de datos personales y a la libre\u00a0circulaci\u00f3n de los mismos.<br \/>\n\u2022 La utilizaci\u00f3n del servidor de correo del dominio y de las direcciones de correo electr\u00f3nico para el env\u00edo de\u00a0correo masivo no deseado.<br \/>\nEl usuario tiene toda la responsabilidad sobre el contenido de su web, la informaci\u00f3n transmitida y almacenada, los\u00a0enlaces de hipertexto, las reivindicaciones de terceros y las acciones legales en referencia a propiedad intelectual,\u00a0derechos de terceros y protecci\u00f3n de menores.<br \/>\nEl usuario es responsable respecto a las leyes y reglamentos en vigor y las reglas que tienen que ver con el\u00a0funcionamiento del servicio online, comercio electr\u00f3nico, derechos de autor, mantenimiento del orden p\u00fablico, as\u00ed como\u00a0principios universales de uso de Internet.<br \/>\nEl usuario indemnizar\u00e1 a AIRFAL INTERNATIONAL S.L. por los gastos que generara la imputaci\u00f3n de AIRFAL INTERNATIONAL S.L. en alguna causa cuya responsabilidad fuera atribuible al usuario, incluidos\u00a0honorarios y gastos de defensa jur\u00eddica, incluso en el caso de una decisi\u00f3n judicial no definitiva.<\/p>\n<h3>Protecci\u00f3n de la informaci\u00f3n alojada<\/h3>\n<p>AIRFAL INTERNATIONAL S.L. realiza copias de seguridad de los contenidos alojados en sus servidores, sin\u00a0embargo no se responsabiliza de la p\u00e9rdida o el borrado accidental de los datos por parte de los usuarios. De igual\u00a0manera, no garantiza la reposici\u00f3n total de los datos borrados por los usuarios, ya que los citados datos podr\u00edan haber\u00a0sido suprimidos y\/o modificados durante el periodo del tiempo transcurrido desde la \u00faltima copia de seguridad.<br \/>\nLos servicios ofertados, excepto los servicios espec\u00edficos de backup, no incluyen la reposici\u00f3n de los contenidos\u00a0conservados en las copias de seguridad realizadas por\u00a0 AIRFAL INTERNATIONAL S.L. , cuando esta p\u00e9rdida sea\u00a0imputable al usuario; en este caso, se determinar\u00e1 una tarifa acorde a la complejidad y volumen de la recuperaci\u00f3n,<br \/>\nsiempre previa aceptaci\u00f3n del usuario.<br \/>\nLa reposici\u00f3n de datos borrados s\u00f3lo est\u00e1 incluida en el precio del servicio cuando la p\u00e9rdida del contenido sea debida a\u00a0causas atribuibles a AIRFAL INTERNATIONAL S.L.<\/p>\n<h3>Comunicaciones comerciales<\/h3>\n<p>En aplicaci\u00f3n de la LSSI. AIRFAL INTERNATIONAL S.L. no enviar\u00e1 comunicaciones publicitarias o promocionales\u00a0por correo electr\u00f3nico u otro medio de comunicaci\u00f3n electr\u00f3nica equivalente que previamente no hubieran sido\u00a0solicitadas o expresamente autorizadas por los destinatarios de las mismas.<br \/>\nEn el caso de usuarios con los que exista una relaci\u00f3n contractual previa, AIRFAL INTERNATIONAL S.L. s\u00ed est\u00e1\u00a0autorizado al env\u00edo de comunicaciones comerciales referentes a productos o servicios de AIRFAL INTERNATIONAL S.L. que sean similares a los que inicialmente fueron objeto de contrataci\u00f3n con el cliente.<br \/>\nEn todo caso, el usuario, tras acreditar su identidad, podr\u00e1 solicitar que no se le haga llegar m\u00e1s informaci\u00f3n comercial a\u00a0trav\u00e9s de los canales de Atenci\u00f3n al Cliente.<\/p>\n<\/div><\/div><\/div><\/div><\/div><\/p>\n","protected":false},"excerpt":{"rendered":"","protected":false},"author":5,"featured_media":0,"parent":0,"menu_order":0,"comment_status":"closed","ping_status":"closed","template":"100-width.php","meta":{"_acf_changed":false,"footnotes":""},"class_list":["post-4153","page","type-page","status-publish","hentry"],"acf":[],"yoast_head":"<!-- This site is optimized with the Yoast SEO plugin v27.4 - https:\/\/yoast.com\/product\/yoast-seo-wordpress\/ -->\n<title>Politique de confidentialit\u00e9 - Airfal<\/title>\n<meta name=\"description\" content=\"Consultez la politique de confidentialit\u00e9 d\u2019Airfal et d\u00e9couvrez comment nous prot\u00e9geons vos donn\u00e9es personnelles et vos droits.\" \/>\n<meta name=\"robots\" content=\"index, follow, max-snippet:-1, max-image-preview:large, max-video-preview:-1\" \/>\n<link rel=\"canonical\" href=\"https:\/\/www.airfal.com\/fr\/politique-de-confidentialite\/\" \/>\n<meta property=\"og:locale\" content=\"fr_FR\" \/>\n<meta property=\"og:type\" content=\"article\" \/>\n<meta property=\"og:title\" content=\"Politique de confidentialit\u00e9 - Airfal\" \/>\n<meta property=\"og:description\" content=\"Consultez la politique de confidentialit\u00e9 d\u2019Airfal et d\u00e9couvrez comment nous prot\u00e9geons vos donn\u00e9es personnelles et vos droits.\" \/>\n<meta property=\"og:url\" content=\"https:\/\/www.airfal.com\/fr\/politique-de-confidentialite\/\" \/>\n<meta property=\"og:site_name\" content=\"Airfal\" \/>\n<meta property=\"article:modified_time\" content=\"2025-12-30T17:18:47+00:00\" \/>\n<meta name=\"twitter:card\" content=\"summary_large_image\" \/>\n<meta name=\"twitter:label1\" content=\"Dur\u00e9e de lecture estim\u00e9e\" \/>\n\t<meta name=\"twitter:data1\" content=\"10 minutes\" \/>\n<script type=\"application\/ld+json\" class=\"yoast-schema-graph\">{\"@context\":\"https:\\\/\\\/schema.org\",\"@graph\":[{\"@type\":\"WebPage\",\"@id\":\"https:\\\/\\\/www.airfal.com\\\/fr\\\/politique-de-confidentialite\\\/\",\"url\":\"https:\\\/\\\/www.airfal.com\\\/fr\\\/politique-de-confidentialite\\\/\",\"name\":\"Politique de confidentialit\u00e9 - Airfal\",\"isPartOf\":{\"@id\":\"https:\\\/\\\/www.airfal.com\\\/fr\\\/#website\"},\"datePublished\":\"2021-02-10T07:40:25+00:00\",\"dateModified\":\"2025-12-30T17:18:47+00:00\",\"description\":\"Consultez la politique de confidentialit\u00e9 d\u2019Airfal et d\u00e9couvrez comment nous prot\u00e9geons vos donn\u00e9es personnelles et vos droits.\",\"breadcrumb\":{\"@id\":\"https:\\\/\\\/www.airfal.com\\\/fr\\\/politique-de-confidentialite\\\/#breadcrumb\"},\"inLanguage\":\"fr-FR\",\"potentialAction\":[{\"@type\":\"ReadAction\",\"target\":[\"https:\\\/\\\/www.airfal.com\\\/fr\\\/politique-de-confidentialite\\\/\"]}]},{\"@type\":\"BreadcrumbList\",\"@id\":\"https:\\\/\\\/www.airfal.com\\\/fr\\\/politique-de-confidentialite\\\/#breadcrumb\",\"itemListElement\":[{\"@type\":\"ListItem\",\"position\":1,\"name\":\"Airfal\",\"item\":\"https:\\\/\\\/www.airfal.com\\\/fr\\\/\"},{\"@type\":\"ListItem\",\"position\":2,\"name\":\"Politique de confidentialit\u00e9\"}]},{\"@type\":\"WebSite\",\"@id\":\"https:\\\/\\\/www.airfal.com\\\/fr\\\/#website\",\"url\":\"https:\\\/\\\/www.airfal.com\\\/fr\\\/\",\"name\":\"Airfal\",\"description\":\"Proyectos de eficiencia energ\u00e9tica en industria ATEX con iluminaci\u00f3n y sensores\",\"publisher\":{\"@id\":\"https:\\\/\\\/www.airfal.com\\\/fr\\\/#organization\"},\"potentialAction\":[{\"@type\":\"SearchAction\",\"target\":{\"@type\":\"EntryPoint\",\"urlTemplate\":\"https:\\\/\\\/www.airfal.com\\\/fr\\\/?s={search_term_string}\"},\"query-input\":{\"@type\":\"PropertyValueSpecification\",\"valueRequired\":true,\"valueName\":\"search_term_string\"}}],\"inLanguage\":\"fr-FR\"},{\"@type\":\"Organization\",\"@id\":\"https:\\\/\\\/www.airfal.com\\\/fr\\\/#organization\",\"name\":\"Airfal\",\"url\":\"https:\\\/\\\/www.airfal.com\\\/fr\\\/\",\"logo\":{\"@type\":\"ImageObject\",\"inLanguage\":\"fr-FR\",\"@id\":\"https:\\\/\\\/www.airfal.com\\\/fr\\\/#\\\/schema\\\/logo\\\/image\\\/\",\"url\":\"https:\\\/\\\/www.airfal.com\\\/wp-content\\\/uploads\\\/2021\\\/05\\\/Logo-AIRFAL-1.jpg\",\"contentUrl\":\"https:\\\/\\\/www.airfal.com\\\/wp-content\\\/uploads\\\/2021\\\/05\\\/Logo-AIRFAL-1.jpg\",\"width\":2481,\"height\":1754,\"caption\":\"Airfal\"},\"image\":{\"@id\":\"https:\\\/\\\/www.airfal.com\\\/fr\\\/#\\\/schema\\\/logo\\\/image\\\/\"}}]}<\/script>\n<!-- \/ Yoast SEO plugin. -->","yoast_head_json":{"title":"Politique de confidentialit\u00e9 - Airfal","description":"Consultez la politique de confidentialit\u00e9 d\u2019Airfal et d\u00e9couvrez comment nous prot\u00e9geons vos donn\u00e9es personnelles et vos droits.","robots":{"index":"index","follow":"follow","max-snippet":"max-snippet:-1","max-image-preview":"max-image-preview:large","max-video-preview":"max-video-preview:-1"},"canonical":"https:\/\/www.airfal.com\/fr\/politique-de-confidentialite\/","og_locale":"fr_FR","og_type":"article","og_title":"Politique de confidentialit\u00e9 - Airfal","og_description":"Consultez la politique de confidentialit\u00e9 d\u2019Airfal et d\u00e9couvrez comment nous prot\u00e9geons vos donn\u00e9es personnelles et vos droits.","og_url":"https:\/\/www.airfal.com\/fr\/politique-de-confidentialite\/","og_site_name":"Airfal","article_modified_time":"2025-12-30T17:18:47+00:00","twitter_card":"summary_large_image","twitter_misc":{"Dur\u00e9e de lecture estim\u00e9e":"10 minutes"},"schema":{"@context":"https:\/\/schema.org","@graph":[{"@type":"WebPage","@id":"https:\/\/www.airfal.com\/fr\/politique-de-confidentialite\/","url":"https:\/\/www.airfal.com\/fr\/politique-de-confidentialite\/","name":"Politique de confidentialit\u00e9 - Airfal","isPartOf":{"@id":"https:\/\/www.airfal.com\/fr\/#website"},"datePublished":"2021-02-10T07:40:25+00:00","dateModified":"2025-12-30T17:18:47+00:00","description":"Consultez la politique de confidentialit\u00e9 d\u2019Airfal et d\u00e9couvrez comment nous prot\u00e9geons vos donn\u00e9es personnelles et vos droits.","breadcrumb":{"@id":"https:\/\/www.airfal.com\/fr\/politique-de-confidentialite\/#breadcrumb"},"inLanguage":"fr-FR","potentialAction":[{"@type":"ReadAction","target":["https:\/\/www.airfal.com\/fr\/politique-de-confidentialite\/"]}]},{"@type":"BreadcrumbList","@id":"https:\/\/www.airfal.com\/fr\/politique-de-confidentialite\/#breadcrumb","itemListElement":[{"@type":"ListItem","position":1,"name":"Airfal","item":"https:\/\/www.airfal.com\/fr\/"},{"@type":"ListItem","position":2,"name":"Politique de confidentialit\u00e9"}]},{"@type":"WebSite","@id":"https:\/\/www.airfal.com\/fr\/#website","url":"https:\/\/www.airfal.com\/fr\/","name":"Airfal","description":"Proyectos de eficiencia energ\u00e9tica en industria ATEX con iluminaci\u00f3n y sensores","publisher":{"@id":"https:\/\/www.airfal.com\/fr\/#organization"},"potentialAction":[{"@type":"SearchAction","target":{"@type":"EntryPoint","urlTemplate":"https:\/\/www.airfal.com\/fr\/?s={search_term_string}"},"query-input":{"@type":"PropertyValueSpecification","valueRequired":true,"valueName":"search_term_string"}}],"inLanguage":"fr-FR"},{"@type":"Organization","@id":"https:\/\/www.airfal.com\/fr\/#organization","name":"Airfal","url":"https:\/\/www.airfal.com\/fr\/","logo":{"@type":"ImageObject","inLanguage":"fr-FR","@id":"https:\/\/www.airfal.com\/fr\/#\/schema\/logo\/image\/","url":"https:\/\/www.airfal.com\/wp-content\/uploads\/2021\/05\/Logo-AIRFAL-1.jpg","contentUrl":"https:\/\/www.airfal.com\/wp-content\/uploads\/2021\/05\/Logo-AIRFAL-1.jpg","width":2481,"height":1754,"caption":"Airfal"},"image":{"@id":"https:\/\/www.airfal.com\/fr\/#\/schema\/logo\/image\/"}}]}},"_links":{"self":[{"href":"https:\/\/www.airfal.com\/fr\/wp-json\/wp\/v2\/pages\/4153","targetHints":{"allow":["GET"]}}],"collection":[{"href":"https:\/\/www.airfal.com\/fr\/wp-json\/wp\/v2\/pages"}],"about":[{"href":"https:\/\/www.airfal.com\/fr\/wp-json\/wp\/v2\/types\/page"}],"author":[{"embeddable":true,"href":"https:\/\/www.airfal.com\/fr\/wp-json\/wp\/v2\/users\/5"}],"replies":[{"embeddable":true,"href":"https:\/\/www.airfal.com\/fr\/wp-json\/wp\/v2\/comments?post=4153"}],"version-history":[{"count":1,"href":"https:\/\/www.airfal.com\/fr\/wp-json\/wp\/v2\/pages\/4153\/revisions"}],"predecessor-version":[{"id":27498,"href":"https:\/\/www.airfal.com\/fr\/wp-json\/wp\/v2\/pages\/4153\/revisions\/27498"}],"wp:attachment":[{"href":"https:\/\/www.airfal.com\/fr\/wp-json\/wp\/v2\/media?parent=4153"}],"curies":[{"name":"wp","href":"https:\/\/api.w.org\/{rel}","templated":true}]}}