{"id":4159,"date":"2021-02-10T13:45:36","date_gmt":"2021-02-10T12:45:36","guid":{"rendered":"https:\/\/www.airfal.com\/sostenibilidad\/"},"modified":"2026-01-30T17:25:48","modified_gmt":"2026-01-30T16:25:48","slug":"durabilite","status":"publish","type":"page","link":"https:\/\/www.airfal.com\/fr\/durabilite\/","title":{"rendered":"Durabilit\u00e9"},"content":{"rendered":"<p><div class=\"fusion-fullwidth fullwidth-box fusion-builder-row-1 fusion-flex-container fusion-parallax-none nonhundred-percent-fullwidth non-hundred-percent-height-scrolling\" style=\"--awb-background-position:center top;--awb-background-blend-mode:screen;--awb-border-radius-top-left:0px;--awb-border-radius-top-right:0px;--awb-border-radius-bottom-right:0px;--awb-border-radius-bottom-left:0px;--awb-padding-top:40px;--awb-padding-bottom:40px;--awb-min-height:200px;--awb-background-color:#eaeef1;--awb-background-image:url(&quot;https:\/\/www.airfal.com\/wp-content\/uploads\/2021\/02\/tech-bg.png&quot;);--awb-background-size:cover;--awb-flex-wrap:wrap;\" ><div class=\"fusion-builder-row fusion-row fusion-flex-align-items-flex-end fusion-flex-align-content-flex-end fusion-flex-content-wrap\" style=\"max-width:1177px;margin-left: calc(-7% \/ 2 );margin-right: calc(-7% \/ 2 );\"><div class=\"fusion-layout-column fusion_builder_column fusion-builder-column-0 fusion_builder_column_1_1 1_1 fusion-flex-column\" style=\"--awb-bg-size:cover;--awb-width-large:100%;--awb-margin-top-large:0px;--awb-spacing-right-large:3.255%;--awb-margin-bottom-large:0px;--awb-spacing-left-large:3.255%;--awb-width-medium:100%;--awb-order-medium:0;--awb-spacing-right-medium:3.255%;--awb-spacing-left-medium:3.255%;--awb-width-small:100%;--awb-order-small:0;--awb-spacing-right-small:3.255%;--awb-spacing-left-small:3.255%;\"><div class=\"fusion-column-wrapper fusion-column-has-shadow fusion-flex-justify-content-flex-start fusion-content-layout-column\"><div class=\"fusion-title title fusion-title-1 fusion-sep-none fusion-title-text fusion-title-size-one\" style=\"--awb-margin-top:0px;--awb-margin-bottom:10px;\"><h1 class=\"fusion-title-heading title-heading-left fusion-responsive-typography-calculated\" style=\"margin:0;--fontSize:50;line-height:1.4;\">Durabilit\u00e9<\/h1><\/div><\/div><\/div><\/div><\/div><div class=\"fusion-fullwidth fullwidth-box fusion-builder-row-2 fusion-flex-container nonhundred-percent-fullwidth non-hundred-percent-height-scrolling\" style=\"--awb-border-sizes-top:0px;--awb-border-sizes-bottom:2px;--awb-border-sizes-left:0px;--awb-border-sizes-right:0px;--awb-border-color:#eaeef1;--awb-border-radius-top-left:0px;--awb-border-radius-top-right:0px;--awb-border-radius-bottom-right:0px;--awb-border-radius-bottom-left:0px;--awb-flex-wrap:wrap;\" ><div class=\"fusion-builder-row fusion-row fusion-flex-align-items-flex-start fusion-flex-content-wrap\" style=\"max-width:1177px;margin-left: calc(-7% \/ 2 );margin-right: calc(-7% \/ 2 );\"><div class=\"fusion-layout-column fusion_builder_column fusion-builder-column-1 fusion_builder_column_1_1 1_1 fusion-flex-column\" style=\"--awb-bg-size:cover;--awb-width-large:100%;--awb-margin-top-large:0px;--awb-spacing-right-large:3.255%;--awb-margin-bottom-large:0px;--awb-spacing-left-large:3.255%;--awb-width-medium:100%;--awb-order-medium:0;--awb-spacing-right-medium:3.255%;--awb-spacing-left-medium:3.255%;--awb-width-small:100%;--awb-order-small:0;--awb-spacing-right-small:3.255%;--awb-spacing-left-small:3.255%;\"><div class=\"fusion-column-wrapper fusion-column-has-shadow fusion-flex-justify-content-flex-start fusion-content-layout-column\"><nav class=\"fusion-breadcrumbs awb-yoast-breadcrumbs fusion-breadcrumbs-1\" style=\"--awb-breadcrumb-sep:&#039;\/&#039;;\" aria-label=\"Breadcrumb\"><ol class=\"awb-breadcrumb-list\"><\/ol><\/nav><\/div><\/div><\/div><\/div>\n<div class=\"fusion-fullwidth fullwidth-box fusion-builder-row-3 fusion-flex-container nonhundred-percent-fullwidth non-hundred-percent-height-scrolling\" style=\"--awb-border-radius-top-left:0px;--awb-border-radius-top-right:0px;--awb-border-radius-bottom-right:0px;--awb-border-radius-bottom-left:0px;--awb-margin-top:50px;--awb-margin-bottom:50px;--awb-flex-wrap:wrap;\" ><div class=\"fusion-builder-row fusion-row fusion-flex-align-items-flex-start fusion-flex-justify-content-center fusion-flex-content-wrap\" style=\"max-width:1177px;margin-left: calc(-7% \/ 2 );margin-right: calc(-7% \/ 2 );\"><div class=\"fusion-layout-column fusion_builder_column fusion-builder-column-2 fusion_builder_column_1_2 1_2 fusion-flex-column gdoc-folder fusion-column-inner-bg-wrapper fusion-column-liftup-border\" style=\"--awb-padding-top:30px;--awb-padding-right:30px;--awb-padding-bottom:30px;--awb-padding-left:30px;--awb-overflow:hidden;--awb-inner-bg-color:#eaeef1;--awb-inner-bg-color-hover:#eaeef1;--awb-inner-bg-size:cover;--awb-border-radius:5px 5px 50px 5px;--awb-liftup-border-radius:5px 5px 50px 5px;--awb-width-large:50%;--awb-margin-top-large:0px;--awb-spacing-right-large:6.51%;--awb-margin-bottom-large:30px;--awb-spacing-left-large:6.51%;--awb-width-medium:50%;--awb-order-medium:0;--awb-spacing-right-medium:6.51%;--awb-spacing-left-medium:6.51%;--awb-width-small:100%;--awb-order-small:0;--awb-spacing-right-small:3.255%;--awb-spacing-left-small:3.255%;\"><span class=\"fusion-column-inner-bg hover-type-liftup\"><a class=\"fusion-column-anchor\" href=\"https:\/\/www.airfal.com\/fr\/durabilite\/engagement-social\/\"><span class=\"fusion-column-inner-bg-image\"><\/span><\/a><\/span><div class=\"fusion-column-wrapper fusion-flex-justify-content-flex-start fusion-content-layout-column\"><i class=\"fb-icon-element-1 fb-icon-element fontawesome-icon fa-link fas circle-no\" style=\"--awb-iconcolor:#18264f;--awb-iconcolor-hover:#ff0c41;--awb-font-size:60px;--awb-align-self:center;--awb-margin-top:20px;--awb-margin-right:0px;--awb-margin-bottom:0px;--awb-margin-left:0px;\"><\/i><div class=\"fusion-title title fusion-title-2 fusion-sep-none fusion-title-center fusion-title-text fusion-title-size-three\" style=\"--awb-margin-top:20px;--awb-margin-bottom:20px;\"><h3 class=\"fusion-title-heading title-heading-center fusion-responsive-typography-calculated\" style=\"margin:0;--fontSize:26;line-height:1.4;\">Engagement Social<\/h3><\/div><\/div><\/div><div class=\"fusion-layout-column fusion_builder_column fusion-builder-column-3 fusion_builder_column_1_2 1_2 fusion-flex-column gdoc-folder fusion-column-inner-bg-wrapper fusion-column-liftup-border\" style=\"--awb-padding-top:30px;--awb-padding-right:30px;--awb-padding-bottom:30px;--awb-padding-left:30px;--awb-overflow:hidden;--awb-inner-bg-color:#eaeef1;--awb-inner-bg-color-hover:#eaeef1;--awb-inner-bg-size:cover;--awb-border-radius:5px 5px 50px 5px;--awb-liftup-border-radius:5px 5px 50px 5px;--awb-width-large:50%;--awb-margin-top-large:0px;--awb-spacing-right-large:6.51%;--awb-margin-bottom-large:30px;--awb-spacing-left-large:6.51%;--awb-width-medium:50%;--awb-order-medium:0;--awb-spacing-right-medium:6.51%;--awb-spacing-left-medium:6.51%;--awb-width-small:100%;--awb-order-small:0;--awb-spacing-right-small:3.255%;--awb-spacing-left-small:3.255%;\"><span class=\"fusion-column-inner-bg hover-type-liftup\"><a class=\"fusion-column-anchor\" href=\"https:\/\/www.airfal.com\/fr\/durabilite\/environnement\/\"><span class=\"fusion-column-inner-bg-image\"><\/span><\/a><\/span><div class=\"fusion-column-wrapper fusion-flex-justify-content-flex-start fusion-content-layout-column\"><i class=\"fb-icon-element-2 fb-icon-element fontawesome-icon fa-link fas circle-no\" style=\"--awb-iconcolor:#18264f;--awb-iconcolor-hover:#ff0c41;--awb-font-size:60px;--awb-align-self:center;--awb-margin-top:20px;--awb-margin-right:0px;--awb-margin-bottom:0px;--awb-margin-left:0px;\"><\/i><div class=\"fusion-title title fusion-title-3 fusion-sep-none fusion-title-center fusion-title-text fusion-title-size-three\" style=\"--awb-margin-top:20px;--awb-margin-bottom:20px;\"><h3 class=\"fusion-title-heading title-heading-center fusion-responsive-typography-calculated\" style=\"margin:0;--fontSize:26;line-height:1.4;\">Environnement<\/h3><\/div><\/div><\/div><div class=\"fusion-layout-column fusion_builder_column fusion-builder-column-4 fusion_builder_column_1_2 1_2 fusion-flex-column gdoc-folder fusion-column-inner-bg-wrapper fusion-column-liftup-border\" style=\"--awb-padding-top:30px;--awb-padding-right:30px;--awb-padding-bottom:30px;--awb-padding-left:30px;--awb-overflow:hidden;--awb-inner-bg-color:#eaeef1;--awb-inner-bg-color-hover:#eaeef1;--awb-inner-bg-size:cover;--awb-border-radius:5px 5px 50px 5px;--awb-liftup-border-radius:5px 5px 50px 5px;--awb-width-large:50%;--awb-margin-top-large:0px;--awb-spacing-right-large:6.51%;--awb-margin-bottom-large:30px;--awb-spacing-left-large:6.51%;--awb-width-medium:50%;--awb-order-medium:0;--awb-spacing-right-medium:6.51%;--awb-spacing-left-medium:6.51%;--awb-width-small:100%;--awb-order-small:0;--awb-spacing-right-small:3.255%;--awb-spacing-left-small:3.255%;\"><span class=\"fusion-column-inner-bg hover-type-liftup\"><a class=\"fusion-column-anchor\" href=\"https:\/\/www.airfal.com\/fr\/durabilite\/communaute\/\"><span class=\"fusion-column-inner-bg-image\"><\/span><\/a><\/span><div class=\"fusion-column-wrapper fusion-flex-justify-content-flex-start fusion-content-layout-column\"><i class=\"fb-icon-element-3 fb-icon-element fontawesome-icon fa-link fas circle-no\" style=\"--awb-iconcolor:#18264f;--awb-iconcolor-hover:#ff0c41;--awb-font-size:60px;--awb-align-self:center;--awb-margin-top:20px;--awb-margin-right:0px;--awb-margin-bottom:0px;--awb-margin-left:0px;\"><\/i><div class=\"fusion-title title fusion-title-4 fusion-sep-none fusion-title-center fusion-title-text fusion-title-size-three\" style=\"--awb-margin-top:20px;--awb-margin-bottom:20px;\"><h3 class=\"fusion-title-heading title-heading-center fusion-responsive-typography-calculated\" style=\"margin:0;--fontSize:26;line-height:1.4;\">Communaute<\/h3><\/div><\/div><\/div><div class=\"fusion-layout-column fusion_builder_column fusion-builder-column-5 fusion_builder_column_1_2 1_2 fusion-flex-column gdoc-folder fusion-column-inner-bg-wrapper fusion-column-liftup-border\" style=\"--awb-padding-top:30px;--awb-padding-right:30px;--awb-padding-bottom:30px;--awb-padding-left:30px;--awb-overflow:hidden;--awb-inner-bg-color:#eaeef1;--awb-inner-bg-color-hover:#eaeef1;--awb-inner-bg-size:cover;--awb-border-radius:5px 5px 50px 5px;--awb-liftup-border-radius:5px 5px 50px 5px;--awb-width-large:50%;--awb-margin-top-large:0px;--awb-spacing-right-large:6.51%;--awb-margin-bottom-large:30px;--awb-spacing-left-large:6.51%;--awb-width-medium:50%;--awb-order-medium:0;--awb-spacing-right-medium:6.51%;--awb-spacing-left-medium:6.51%;--awb-width-small:100%;--awb-order-small:0;--awb-spacing-right-small:3.255%;--awb-spacing-left-small:3.255%;\"><span class=\"fusion-column-inner-bg hover-type-liftup\"><a class=\"fusion-column-anchor\" href=\"https:\/\/www.airfal.com\/fr\/durabilite\/odd\/\"><span class=\"fusion-column-inner-bg-image\"><\/span><\/a><\/span><div class=\"fusion-column-wrapper fusion-flex-justify-content-flex-start fusion-content-layout-column\"><i class=\"fb-icon-element-4 fb-icon-element fontawesome-icon fa-link fas circle-no\" style=\"--awb-iconcolor:#18264f;--awb-iconcolor-hover:#ff0c41;--awb-font-size:60px;--awb-align-self:center;--awb-margin-top:20px;--awb-margin-right:0px;--awb-margin-bottom:0px;--awb-margin-left:0px;\"><\/i><div class=\"fusion-title title fusion-title-5 fusion-sep-none fusion-title-center fusion-title-text fusion-title-size-three\" style=\"--awb-margin-top:20px;--awb-margin-bottom:20px;\"><h3 class=\"fusion-title-heading title-heading-center fusion-responsive-typography-calculated\" style=\"margin:0;--fontSize:26;line-height:1.4;\">ODD<\/h3><\/div><\/div><\/div><\/div><\/div><\/p>\n","protected":false},"excerpt":{"rendered":"","protected":false},"author":5,"featured_media":0,"parent":0,"menu_order":0,"comment_status":"closed","ping_status":"closed","template":"100-width.php","meta":{"_acf_changed":false,"footnotes":""},"class_list":["post-4159","page","type-page","status-publish","hentry"],"acf":[],"yoast_head":"<!-- This site is optimized with the Yoast SEO plugin v27.6 - https:\/\/yoast.com\/product\/yoast-seo-wordpress\/ -->\n<title>Durabilit\u00e9 - Airfal<\/title>\n<meta name=\"description\" content=\"Airfal Durabilit\u00e9: engagement environnemental, social et responsable, pour un impact positif et durable dans toutes nos activit\u00e9s.\" \/>\n<meta name=\"robots\" content=\"index, follow, max-snippet:-1, max-image-preview:large, max-video-preview:-1\" \/>\n<link rel=\"canonical\" href=\"https:\/\/www.airfal.com\/fr\/durabilite\/\" \/>\n<meta property=\"og:locale\" content=\"fr_FR\" \/>\n<meta property=\"og:type\" content=\"article\" \/>\n<meta property=\"og:title\" content=\"Durabilit\u00e9 - Airfal\" \/>\n<meta property=\"og:description\" content=\"Airfal Durabilit\u00e9: engagement environnemental, social et responsable, pour un impact positif et durable dans toutes nos activit\u00e9s.\" \/>\n<meta property=\"og:url\" content=\"https:\/\/www.airfal.com\/fr\/durabilite\/\" \/>\n<meta property=\"og:site_name\" content=\"Airfal\" \/>\n<meta property=\"article:modified_time\" content=\"2026-01-30T16:25:48+00:00\" \/>\n<meta name=\"twitter:card\" content=\"summary_large_image\" \/>\n<meta name=\"twitter:label1\" content=\"Dur\u00e9e de lecture estim\u00e9e\" \/>\n\t<meta name=\"twitter:data1\" content=\"6 minutes\" \/>\n<script type=\"application\/ld+json\" class=\"yoast-schema-graph\">{\"@context\":\"https:\\\/\\\/schema.org\",\"@graph\":[{\"@type\":\"WebPage\",\"@id\":\"https:\\\/\\\/www.airfal.com\\\/fr\\\/durabilite\\\/\",\"url\":\"https:\\\/\\\/www.airfal.com\\\/fr\\\/durabilite\\\/\",\"name\":\"Durabilit\u00e9 - Airfal\",\"isPartOf\":{\"@id\":\"https:\\\/\\\/www.airfal.com\\\/fr\\\/#website\"},\"datePublished\":\"2021-02-10T12:45:36+00:00\",\"dateModified\":\"2026-01-30T16:25:48+00:00\",\"description\":\"Airfal Durabilit\u00e9: engagement environnemental, social et responsable, pour un impact positif et durable dans toutes nos activit\u00e9s.\",\"breadcrumb\":{\"@id\":\"https:\\\/\\\/www.airfal.com\\\/fr\\\/durabilite\\\/#breadcrumb\"},\"inLanguage\":\"fr-FR\",\"potentialAction\":[{\"@type\":\"ReadAction\",\"target\":[\"https:\\\/\\\/www.airfal.com\\\/fr\\\/durabilite\\\/\"]}]},{\"@type\":\"BreadcrumbList\",\"@id\":\"https:\\\/\\\/www.airfal.com\\\/fr\\\/durabilite\\\/#breadcrumb\",\"itemListElement\":[{\"@type\":\"ListItem\",\"position\":1,\"name\":\"Airfal\",\"item\":\"https:\\\/\\\/www.airfal.com\\\/fr\\\/\"},{\"@type\":\"ListItem\",\"position\":2,\"name\":\"Durabilit\u00e9\"}]},{\"@type\":\"WebSite\",\"@id\":\"https:\\\/\\\/www.airfal.com\\\/fr\\\/#website\",\"url\":\"https:\\\/\\\/www.airfal.com\\\/fr\\\/\",\"name\":\"Airfal\",\"description\":\"Proyectos de eficiencia energ\u00e9tica en industria ATEX con iluminaci\u00f3n y sensores\",\"publisher\":{\"@id\":\"https:\\\/\\\/www.airfal.com\\\/fr\\\/#organization\"},\"potentialAction\":[{\"@type\":\"SearchAction\",\"target\":{\"@type\":\"EntryPoint\",\"urlTemplate\":\"https:\\\/\\\/www.airfal.com\\\/fr\\\/?s={search_term_string}\"},\"query-input\":{\"@type\":\"PropertyValueSpecification\",\"valueRequired\":true,\"valueName\":\"search_term_string\"}}],\"inLanguage\":\"fr-FR\"},{\"@type\":\"Organization\",\"@id\":\"https:\\\/\\\/www.airfal.com\\\/fr\\\/#organization\",\"name\":\"Airfal\",\"url\":\"https:\\\/\\\/www.airfal.com\\\/fr\\\/\",\"logo\":{\"@type\":\"ImageObject\",\"inLanguage\":\"fr-FR\",\"@id\":\"https:\\\/\\\/www.airfal.com\\\/fr\\\/#\\\/schema\\\/logo\\\/image\\\/\",\"url\":\"https:\\\/\\\/www.airfal.com\\\/wp-content\\\/uploads\\\/2021\\\/05\\\/Logo-AIRFAL-1.jpg\",\"contentUrl\":\"https:\\\/\\\/www.airfal.com\\\/wp-content\\\/uploads\\\/2021\\\/05\\\/Logo-AIRFAL-1.jpg\",\"width\":2481,\"height\":1754,\"caption\":\"Airfal\"},\"image\":{\"@id\":\"https:\\\/\\\/www.airfal.com\\\/fr\\\/#\\\/schema\\\/logo\\\/image\\\/\"}}]}<\/script>\n<!-- \/ Yoast SEO plugin. -->","yoast_head_json":{"title":"Durabilit\u00e9 - Airfal","description":"Airfal Durabilit\u00e9: engagement environnemental, social et responsable, pour un impact positif et durable dans toutes nos activit\u00e9s.","robots":{"index":"index","follow":"follow","max-snippet":"max-snippet:-1","max-image-preview":"max-image-preview:large","max-video-preview":"max-video-preview:-1"},"canonical":"https:\/\/www.airfal.com\/fr\/durabilite\/","og_locale":"fr_FR","og_type":"article","og_title":"Durabilit\u00e9 - Airfal","og_description":"Airfal Durabilit\u00e9: engagement environnemental, social et responsable, pour un impact positif et durable dans toutes nos activit\u00e9s.","og_url":"https:\/\/www.airfal.com\/fr\/durabilite\/","og_site_name":"Airfal","article_modified_time":"2026-01-30T16:25:48+00:00","twitter_card":"summary_large_image","twitter_misc":{"Dur\u00e9e de lecture estim\u00e9e":"6 minutes"},"schema":{"@context":"https:\/\/schema.org","@graph":[{"@type":"WebPage","@id":"https:\/\/www.airfal.com\/fr\/durabilite\/","url":"https:\/\/www.airfal.com\/fr\/durabilite\/","name":"Durabilit\u00e9 - Airfal","isPartOf":{"@id":"https:\/\/www.airfal.com\/fr\/#website"},"datePublished":"2021-02-10T12:45:36+00:00","dateModified":"2026-01-30T16:25:48+00:00","description":"Airfal Durabilit\u00e9: engagement environnemental, social et responsable, pour un impact positif et durable dans toutes nos activit\u00e9s.","breadcrumb":{"@id":"https:\/\/www.airfal.com\/fr\/durabilite\/#breadcrumb"},"inLanguage":"fr-FR","potentialAction":[{"@type":"ReadAction","target":["https:\/\/www.airfal.com\/fr\/durabilite\/"]}]},{"@type":"BreadcrumbList","@id":"https:\/\/www.airfal.com\/fr\/durabilite\/#breadcrumb","itemListElement":[{"@type":"ListItem","position":1,"name":"Airfal","item":"https:\/\/www.airfal.com\/fr\/"},{"@type":"ListItem","position":2,"name":"Durabilit\u00e9"}]},{"@type":"WebSite","@id":"https:\/\/www.airfal.com\/fr\/#website","url":"https:\/\/www.airfal.com\/fr\/","name":"Airfal","description":"Proyectos de eficiencia energ\u00e9tica en industria ATEX con iluminaci\u00f3n y sensores","publisher":{"@id":"https:\/\/www.airfal.com\/fr\/#organization"},"potentialAction":[{"@type":"SearchAction","target":{"@type":"EntryPoint","urlTemplate":"https:\/\/www.airfal.com\/fr\/?s={search_term_string}"},"query-input":{"@type":"PropertyValueSpecification","valueRequired":true,"valueName":"search_term_string"}}],"inLanguage":"fr-FR"},{"@type":"Organization","@id":"https:\/\/www.airfal.com\/fr\/#organization","name":"Airfal","url":"https:\/\/www.airfal.com\/fr\/","logo":{"@type":"ImageObject","inLanguage":"fr-FR","@id":"https:\/\/www.airfal.com\/fr\/#\/schema\/logo\/image\/","url":"https:\/\/www.airfal.com\/wp-content\/uploads\/2021\/05\/Logo-AIRFAL-1.jpg","contentUrl":"https:\/\/www.airfal.com\/wp-content\/uploads\/2021\/05\/Logo-AIRFAL-1.jpg","width":2481,"height":1754,"caption":"Airfal"},"image":{"@id":"https:\/\/www.airfal.com\/fr\/#\/schema\/logo\/image\/"}}]}},"_links":{"self":[{"href":"https:\/\/www.airfal.com\/fr\/wp-json\/wp\/v2\/pages\/4159","targetHints":{"allow":["GET"]}}],"collection":[{"href":"https:\/\/www.airfal.com\/fr\/wp-json\/wp\/v2\/pages"}],"about":[{"href":"https:\/\/www.airfal.com\/fr\/wp-json\/wp\/v2\/types\/page"}],"author":[{"embeddable":true,"href":"https:\/\/www.airfal.com\/fr\/wp-json\/wp\/v2\/users\/5"}],"replies":[{"embeddable":true,"href":"https:\/\/www.airfal.com\/fr\/wp-json\/wp\/v2\/comments?post=4159"}],"version-history":[{"count":1,"href":"https:\/\/www.airfal.com\/fr\/wp-json\/wp\/v2\/pages\/4159\/revisions"}],"predecessor-version":[{"id":27895,"href":"https:\/\/www.airfal.com\/fr\/wp-json\/wp\/v2\/pages\/4159\/revisions\/27895"}],"wp:attachment":[{"href":"https:\/\/www.airfal.com\/fr\/wp-json\/wp\/v2\/media?parent=4159"}],"curies":[{"name":"wp","href":"https:\/\/api.w.org\/{rel}","templated":true}]}}