{"id":4213,"date":"2021-02-10T13:47:36","date_gmt":"2021-02-10T12:47:36","guid":{"rendered":"https:\/\/www.airfal.com\/atenea\/casos-de-exito-atenea\/"},"modified":"2026-01-30T17:21:06","modified_gmt":"2026-01-30T16:21:06","slug":"cas-de-succes-atenea","status":"publish","type":"page","link":"https:\/\/www.airfal.com\/fr\/atenea\/cas-de-succes-atenea\/","title":{"rendered":"Cas de succ\u00e8s Atenea"},"content":{"rendered":"<p><div class=\"fusion-fullwidth fullwidth-box fusion-builder-row-1 fusion-flex-container faded-background fusion-parallax-none new-jumbo nonhundred-percent-fullwidth non-hundred-percent-height-scrolling\" style=\"--awb-background-blend-mode:multiply;--awb-border-radius-top-left:0px;--awb-border-radius-top-right:0px;--awb-border-radius-bottom-right:0px;--awb-border-radius-bottom-left:0px;--awb-padding-top:60px;--awb-padding-bottom:60px;--awb-min-height:600px;--awb-background-image:linear-gradient(90deg, rgba(0,0,0,0.65) 0%,rgba(0,0,0,0) 70%),url(https:\/\/www.airfal.com\/wp-content\/uploads\/2021\/05\/exito-low.jpg);;--awb-background-size:cover;--awb-flex-wrap:wrap;\" ><div class=\"fullwidth-faded\" style=\"--awb-background-blend-mode:multiply;--awb-background-image:linear-gradient(90deg, rgba(0,0,0,0.65) 0%,rgba(0,0,0,0) 70%),url(https:\/\/www.airfal.com\/wp-content\/uploads\/2021\/05\/exito-low.jpg);;--awb-background-size:cover;\" ><\/div><div class=\"fusion-builder-row fusion-row fusion-flex-align-items-flex-end fusion-flex-content-wrap\" style=\"max-width:1177px;margin-left: calc(-7% \/ 2 );margin-right: calc(-7% \/ 2 );\"><div class=\"fusion-layout-column fusion_builder_column fusion-builder-column-0 fusion_builder_column_1_1 1_1 fusion-flex-column\" style=\"--awb-bg-size:cover;--awb-width-large:100%;--awb-margin-top-large:0px;--awb-spacing-right-large:3.255%;--awb-margin-bottom-large:0px;--awb-spacing-left-large:3.255%;--awb-width-medium:100%;--awb-order-medium:0;--awb-spacing-right-medium:3.255%;--awb-spacing-left-medium:3.255%;--awb-width-small:100%;--awb-order-small:0;--awb-spacing-right-small:3.255%;--awb-spacing-left-small:3.255%;\"><div class=\"fusion-column-wrapper fusion-column-has-shadow fusion-flex-justify-content-flex-start fusion-content-layout-column\"><div class=\"fusion-title title fusion-title-1 fusion-sep-none fusion-title-rotating fusion-animate-once fusion-title-clipIn fusion-title-size-one\" style=\"--awb-text-color:#ffffff;--awb-margin-top:0px;--awb-margin-bottom:10px;--awb-font-size:70px;\"><h1 class=\"fusion-title-heading title-heading-left fusion-responsive-typography-calculated\" style=\"margin:0;font-size:1em;--fontSize:70;line-height:1.4;\"><span class=\"fusion-animated-text-prefix\"><\/span> <span class=\"fusion-animated-texts-wrapper\" style=\"text-align: center;\" data-length=\"line\" data-minDisplayTime=\"1500\"><span class=\"fusion-animated-texts\"><span data-in-effect=\"clipIn\" class=\"fusion-animated-text\" data-in-sequence=\"true\" data-out-reverse=\"true\" data-out-effect=\"clipOut\">Cas de succ\u00e8s - Atenea<\/span><\/span><\/span> <span class=\"fusion-animated-text-postfix\"><\/span><\/h1><\/div><\/div><\/div><\/div><\/div><div class=\"fusion-fullwidth fullwidth-box fusion-builder-row-2 fusion-flex-container nonhundred-percent-fullwidth non-hundred-percent-height-scrolling\" style=\"--awb-border-sizes-top:0px;--awb-border-sizes-bottom:2px;--awb-border-sizes-left:0px;--awb-border-sizes-right:0px;--awb-border-color:#eaeef1;--awb-border-radius-top-left:0px;--awb-border-radius-top-right:0px;--awb-border-radius-bottom-right:0px;--awb-border-radius-bottom-left:0px;--awb-flex-wrap:wrap;\" ><div class=\"fusion-builder-row fusion-row fusion-flex-align-items-flex-start fusion-flex-content-wrap\" style=\"max-width:1177px;margin-left: calc(-7% \/ 2 );margin-right: calc(-7% \/ 2 );\"><div class=\"fusion-layout-column fusion_builder_column fusion-builder-column-1 fusion_builder_column_1_1 1_1 fusion-flex-column\" style=\"--awb-bg-size:cover;--awb-width-large:100%;--awb-margin-top-large:0px;--awb-spacing-right-large:3.255%;--awb-margin-bottom-large:0px;--awb-spacing-left-large:3.255%;--awb-width-medium:100%;--awb-order-medium:0;--awb-spacing-right-medium:3.255%;--awb-spacing-left-medium:3.255%;--awb-width-small:100%;--awb-order-small:0;--awb-spacing-right-small:3.255%;--awb-spacing-left-small:3.255%;\"><div class=\"fusion-column-wrapper fusion-column-has-shadow fusion-flex-justify-content-flex-start fusion-content-layout-column\"><nav class=\"fusion-breadcrumbs awb-yoast-breadcrumbs fusion-breadcrumbs-1\" style=\"--awb-breadcrumb-sep:&#039;\/&#039;;\" aria-label=\"Breadcrumb\"><ol class=\"awb-breadcrumb-list\"><\/ol><\/nav><\/div><\/div><\/div><\/div>\n<div class=\"fusion-fullwidth fullwidth-box fusion-builder-row-3 fusion-flex-container nonhundred-percent-fullwidth non-hundred-percent-height-scrolling\" style=\"--awb-border-radius-top-left:0px;--awb-border-radius-top-right:0px;--awb-border-radius-bottom-right:0px;--awb-border-radius-bottom-left:0px;--awb-margin-top:60px;--awb-margin-bottom:100px;--awb-flex-wrap:wrap;\" ><div class=\"fusion-builder-row fusion-row fusion-flex-align-items-flex-start fusion-flex-justify-content-center fusion-flex-content-wrap\" style=\"max-width:1177px;margin-left: calc(-7% \/ 2 );margin-right: calc(-7% \/ 2 );\"><div class=\"fusion-layout-column fusion_builder_column fusion-builder-column-2 fusion_builder_column_1_1 1_1 fusion-flex-column fusion-animated\" style=\"--awb-bg-size:cover;--awb-width-large:100%;--awb-margin-top-large:0px;--awb-spacing-right-large:3.255%;--awb-margin-bottom-large:0px;--awb-spacing-left-large:3.255%;--awb-width-medium:100%;--awb-order-medium:0;--awb-spacing-right-medium:3.255%;--awb-spacing-left-medium:3.255%;--awb-width-small:100%;--awb-order-small:0;--awb-spacing-right-small:3.255%;--awb-spacing-left-small:3.255%;\" data-animationType=\"fadeInLeft\" data-animationDuration=\"1.0\" data-animationOffset=\"top-into-view\"><div class=\"fusion-column-wrapper fusion-column-has-shadow fusion-flex-justify-content-flex-start fusion-content-layout-column\"><div class=\"fusion-text fusion-text-1\">\n<div class=\"casos-de-exito-airfal-contenedor\">\n\t<div class=\"casos-de-exito-airfal-carrusel\">\n\t\t<a href=\"https:\/\/www.airfal.com\/fr\/casos-de-exito\/installations-de-lindustrie-pharmaceutique\/\">\n\t\t\t<div class=\"casos-de-exito-airfal-item\" style=\"background-image:url(https:\/\/www.airfal.com\/wp-content\/uploads\/2021\/03\/industria-farmceutica-bg3.jpg)\">\n\t\t\t\t<div class=\"casos-de-exito-airfal-item-nombre\">Installations de l&rsquo;industrie pharmaceutique\n\t\t\t\t\t<div class=\"casos-de-exito-airfal-item-caracteristicas\">Pharmaceutical Industry<\/div>\n\t\t\t\t<\/div>\n\t\t\t<\/div>\n\t\t<\/a>\n\t\t<a href=\"https:\/\/www.airfal.com\/fr\/casos-de-exito\/solution-intelligente-pour-la-division-portuaire\/\">\n\t\t\t<div class=\"casos-de-exito-airfal-item\" style=\"background-image:url(https:\/\/www.airfal.com\/wp-content\/uploads\/2021\/03\/caso1-thumb.jpg)\">\n\t\t\t\t<div class=\"casos-de-exito-airfal-item-nombre\">Solution intelligente pour la division portuaire\n\t\t\t\t\t<div class=\"casos-de-exito-airfal-item-caracteristicas\">Terminaux portuaires<\/div>\n\t\t\t\t<\/div>\n\t\t\t<\/div>\n\t\t<\/a>\n\t<\/div>\n<\/div>\n<\/div><\/div><\/div><\/div><\/div><div class=\"fusion-fullwidth fullwidth-box fusion-builder-row-4 fusion-flex-container hundred-percent-fullwidth non-hundred-percent-height-scrolling\" style=\"--awb-border-radius-top-left:0px;--awb-border-radius-top-right:0px;--awb-border-radius-bottom-right:0px;--awb-border-radius-bottom-left:0px;--awb-padding-right:0px;--awb-padding-left:0px;--awb-flex-wrap:wrap;\" ><div class=\"fusion-builder-row fusion-row fusion-flex-align-items-flex-start fusion-flex-justify-content-flex-end fusion-flex-content-wrap\" style=\"width:107% !important;max-width:107% !important;margin-left: calc(-7% \/ 2 );margin-right: calc(-7% \/ 2 );\"><div class=\"fusion-layout-column fusion_builder_column fusion-builder-column-3 fusion_builder_column_1_1 1_1 fusion-flex-column fusion-animated\" style=\"--awb-padding-top:10px;--awb-bg-image:linear-gradient(90deg, #f2a356 0%,#ff0c41 100%);--awb-bg-size:cover;--awb-width-large:100%;--awb-margin-top-large:0px;--awb-spacing-right-large:3.255%;--awb-margin-bottom-large:0px;--awb-spacing-left-large:0%;--awb-width-medium:100%;--awb-order-medium:0;--awb-spacing-right-medium:3.255%;--awb-spacing-left-medium:0%;--awb-width-small:100%;--awb-order-small:0;--awb-spacing-right-small:3.255%;--awb-spacing-left-small:3.255%;\" data-animationType=\"slideInRight\" data-animationDuration=\"1.0\" data-animationOffset=\"top-into-view\"><div class=\"fusion-column-wrapper fusion-column-has-shadow fusion-flex-justify-content-flex-start fusion-content-layout-row\"><\/div><\/div><\/div><\/div>\n<div class=\"fusion-fullwidth fullwidth-box fusion-builder-row-5 fusion-flex-container fusion-parallax-none nonhundred-percent-fullwidth non-hundred-percent-height-scrolling\" style=\"--awb-background-position:center top;--awb-border-radius-top-left:0px;--awb-border-radius-top-right:0px;--awb-border-radius-bottom-right:0px;--awb-border-radius-bottom-left:0px;--awb-padding-top:80px;--awb-padding-bottom:80px;--awb-background-image:url(&quot;https:\/\/www.airfal.com\/wp-content\/uploads\/2021\/02\/tech-bg-60.png&quot;);--awb-background-size:cover;--awb-flex-wrap:wrap;\" ><div class=\"fusion-builder-row fusion-row fusion-flex-align-items-flex-start fusion-flex-content-wrap\" style=\"max-width:1177px;margin-left: calc(-7% \/ 2 );margin-right: calc(-7% \/ 2 );\"><div class=\"fusion-layout-column fusion_builder_column fusion-builder-column-4 fusion_builder_column_1_1 1_1 fusion-flex-column\" style=\"--awb-bg-size:cover;--awb-width-large:100%;--awb-margin-top-large:0px;--awb-spacing-right-large:3.255%;--awb-margin-bottom-large:0px;--awb-spacing-left-large:3.255%;--awb-width-medium:100%;--awb-order-medium:0;--awb-spacing-right-medium:3.255%;--awb-spacing-left-medium:3.255%;--awb-width-small:100%;--awb-order-small:0;--awb-spacing-right-small:3.255%;--awb-spacing-left-small:3.255%;\"><div class=\"fusion-column-wrapper fusion-column-has-shadow fusion-flex-justify-content-flex-start fusion-content-layout-column\"><div class=\"fusion-image-element \" style=\"text-align:center;--awb-caption-title-font-family:var(--h2_typography-font-family);--awb-caption-title-font-weight:var(--h2_typography-font-weight);--awb-caption-title-font-style:var(--h2_typography-font-style);--awb-caption-title-size:var(--h2_typography-font-size);--awb-caption-title-transform:var(--h2_typography-text-transform);--awb-caption-title-line-height:var(--h2_typography-line-height);--awb-caption-title-letter-spacing:var(--h2_typography-letter-spacing);\"><span class=\" fusion-imageframe imageframe-none imageframe-1 hover-type-none fusion-animated\" data-animationType=\"zoomIn\" data-animationDuration=\"2.0\" data-animationOffset=\"top-into-view\"><img decoding=\"async\" width=\"80\" height=\"80\" alt=\"atena airfal\" title=\"atenea-icon\" src=\"https:\/\/www.airfal.com\/wp-content\/uploads\/2021\/03\/atenea-icon.png\" class=\"img-responsive wp-image-3195\" srcset=\"https:\/\/www.airfal.com\/wp-content\/uploads\/2021\/03\/atenea-icon-66x66.png 66w, https:\/\/www.airfal.com\/wp-content\/uploads\/2021\/03\/atenea-icon.png 80w\" sizes=\"(max-width: 80px) 100vw, 80px\" \/><\/span><\/div><div class=\"fusion-title title fusion-title-2 fusion-sep-none fusion-title-center fusion-title-rotating fusion-animate-once fusion-title-clipIn fusion-title-size-three\" style=\"--awb-margin-bottom:10px;--awb-font-size:36px;\"><h3 class=\"fusion-title-heading title-heading-center fusion-responsive-typography-calculated\" style=\"font-family:&quot;Poppins&quot;;font-style:normal;font-weight:700;margin:0;font-size:1em;--fontSize:36;line-height:1.4;\"><span class=\"fusion-animated-text-prefix\"><\/span> <span class=\"fusion-animated-texts-wrapper\" style=\"text-align: center;\" data-length=\"line\" data-minDisplayTime=\"1200\"><span class=\"fusion-animated-texts\"><span data-in-effect=\"clipIn\" class=\"fusion-animated-text\" data-in-sequence=\"true\" data-out-reverse=\"true\" data-out-effect=\"clipOut\">D\u00e9couvrez Airfal Atenea<\/span><\/span><\/span> <span class=\"fusion-animated-text-postfix\"><\/span><\/h3><\/div><div class=\"fusion-separator fusion-full-width-sep\" style=\"align-self: center;margin-left: auto;margin-right: auto;margin-top:20PX;width:100%;\"><\/div><div style=\"text-align:center;\"><a class=\"fusion-button button-flat fusion-button-default-size button-default fusion-button-default button-1 fusion-button-default-span fusion-button-default-type boton-red\" target=\"_self\" href=\"https:\/\/www.airfal.com\/fr\/atenea\/quest-ce-quatenea\/\"><span class=\"fusion-button-text awb-button__text awb-button__text--default\">Savoir plus<\/span><\/a><\/div><\/div><\/div><\/div><\/div><\/p>\n","protected":false},"excerpt":{"rendered":"","protected":false},"author":5,"featured_media":0,"parent":4145,"menu_order":0,"comment_status":"closed","ping_status":"closed","template":"100-width.php","meta":{"_acf_changed":false,"footnotes":""},"class_list":["post-4213","page","type-page","status-publish","hentry"],"acf":[],"yoast_head":"<!-- This site is optimized with the Yoast SEO plugin v27.3 - https:\/\/yoast.com\/product\/yoast-seo-wordpress\/ -->\n<title>Cas de succ\u00e8s Atenea - Airfal<\/title>\n<meta name=\"description\" content=\"Cas de succ\u00e8s Atenea: exemples r\u00e9els de performance, s\u00e9curit\u00e9 et contr\u00f4le avec la plateforme ATEX intelligente d\u2019Airfal.\" \/>\n<meta name=\"robots\" content=\"index, follow, max-snippet:-1, max-image-preview:large, max-video-preview:-1\" \/>\n<link rel=\"canonical\" href=\"https:\/\/www.airfal.com\/fr\/atenea\/cas-de-succes-atenea\/\" \/>\n<meta property=\"og:locale\" content=\"fr_FR\" \/>\n<meta property=\"og:type\" content=\"article\" \/>\n<meta property=\"og:title\" content=\"Cas de succ\u00e8s Atenea - Airfal\" \/>\n<meta property=\"og:description\" content=\"Cas de succ\u00e8s Atenea: exemples r\u00e9els de performance, s\u00e9curit\u00e9 et contr\u00f4le avec la plateforme ATEX intelligente d\u2019Airfal.\" \/>\n<meta property=\"og:url\" content=\"https:\/\/www.airfal.com\/fr\/atenea\/cas-de-succes-atenea\/\" \/>\n<meta property=\"og:site_name\" content=\"Airfal\" \/>\n<meta property=\"article:modified_time\" content=\"2026-01-30T16:21:06+00:00\" \/>\n<meta property=\"og:image\" content=\"https:\/\/www.airfal.com\/wp-content\/uploads\/2025\/03\/Estudios-de-iluminacion-2025-03-03T125718.878-1024x512.png\" \/>\n<meta name=\"twitter:card\" content=\"summary_large_image\" \/>\n<meta name=\"twitter:label1\" content=\"Dur\u00e9e de lecture estim\u00e9e\" \/>\n\t<meta name=\"twitter:data1\" content=\"6 minutes\" \/>\n<script type=\"application\/ld+json\" class=\"yoast-schema-graph\">{\"@context\":\"https:\\\/\\\/schema.org\",\"@graph\":[{\"@type\":\"WebPage\",\"@id\":\"https:\\\/\\\/www.airfal.com\\\/fr\\\/atenea\\\/cas-de-succes-atenea\\\/\",\"url\":\"https:\\\/\\\/www.airfal.com\\\/fr\\\/atenea\\\/cas-de-succes-atenea\\\/\",\"name\":\"Cas de succ\u00e8s Atenea - Airfal\",\"isPartOf\":{\"@id\":\"https:\\\/\\\/www.airfal.com\\\/fr\\\/#website\"},\"datePublished\":\"2021-02-10T12:47:36+00:00\",\"dateModified\":\"2026-01-30T16:21:06+00:00\",\"description\":\"Cas de succ\u00e8s Atenea: exemples r\u00e9els de performance, s\u00e9curit\u00e9 et contr\u00f4le avec la plateforme ATEX intelligente d\u2019Airfal.\",\"breadcrumb\":{\"@id\":\"https:\\\/\\\/www.airfal.com\\\/fr\\\/atenea\\\/cas-de-succes-atenea\\\/#breadcrumb\"},\"inLanguage\":\"fr-FR\",\"potentialAction\":[{\"@type\":\"ReadAction\",\"target\":[\"https:\\\/\\\/www.airfal.com\\\/fr\\\/atenea\\\/cas-de-succes-atenea\\\/\"]}]},{\"@type\":\"BreadcrumbList\",\"@id\":\"https:\\\/\\\/www.airfal.com\\\/fr\\\/atenea\\\/cas-de-succes-atenea\\\/#breadcrumb\",\"itemListElement\":[{\"@type\":\"ListItem\",\"position\":1,\"name\":\"Airfal\",\"item\":\"https:\\\/\\\/www.airfal.com\\\/fr\\\/\"},{\"@type\":\"ListItem\",\"position\":2,\"name\":\"Atenea\",\"item\":\"https:\\\/\\\/www.airfal.com\\\/fr\\\/atenea\\\/\"},{\"@type\":\"ListItem\",\"position\":3,\"name\":\"Cas de succ\u00e8s Atenea\"}]},{\"@type\":\"WebSite\",\"@id\":\"https:\\\/\\\/www.airfal.com\\\/fr\\\/#website\",\"url\":\"https:\\\/\\\/www.airfal.com\\\/fr\\\/\",\"name\":\"Airfal\",\"description\":\"Proyectos de eficiencia energ\u00e9tica en industria ATEX con iluminaci\u00f3n y sensores\",\"publisher\":{\"@id\":\"https:\\\/\\\/www.airfal.com\\\/fr\\\/#organization\"},\"potentialAction\":[{\"@type\":\"SearchAction\",\"target\":{\"@type\":\"EntryPoint\",\"urlTemplate\":\"https:\\\/\\\/www.airfal.com\\\/fr\\\/?s={search_term_string}\"},\"query-input\":{\"@type\":\"PropertyValueSpecification\",\"valueRequired\":true,\"valueName\":\"search_term_string\"}}],\"inLanguage\":\"fr-FR\"},{\"@type\":\"Organization\",\"@id\":\"https:\\\/\\\/www.airfal.com\\\/fr\\\/#organization\",\"name\":\"Airfal\",\"url\":\"https:\\\/\\\/www.airfal.com\\\/fr\\\/\",\"logo\":{\"@type\":\"ImageObject\",\"inLanguage\":\"fr-FR\",\"@id\":\"https:\\\/\\\/www.airfal.com\\\/fr\\\/#\\\/schema\\\/logo\\\/image\\\/\",\"url\":\"https:\\\/\\\/www.airfal.com\\\/wp-content\\\/uploads\\\/2021\\\/05\\\/Logo-AIRFAL-1.jpg\",\"contentUrl\":\"https:\\\/\\\/www.airfal.com\\\/wp-content\\\/uploads\\\/2021\\\/05\\\/Logo-AIRFAL-1.jpg\",\"width\":2481,\"height\":1754,\"caption\":\"Airfal\"},\"image\":{\"@id\":\"https:\\\/\\\/www.airfal.com\\\/fr\\\/#\\\/schema\\\/logo\\\/image\\\/\"}}]}<\/script>\n<!-- \/ Yoast SEO plugin. -->","yoast_head_json":{"title":"Cas de succ\u00e8s Atenea - Airfal","description":"Cas de succ\u00e8s Atenea: exemples r\u00e9els de performance, s\u00e9curit\u00e9 et contr\u00f4le avec la plateforme ATEX intelligente d\u2019Airfal.","robots":{"index":"index","follow":"follow","max-snippet":"max-snippet:-1","max-image-preview":"max-image-preview:large","max-video-preview":"max-video-preview:-1"},"canonical":"https:\/\/www.airfal.com\/fr\/atenea\/cas-de-succes-atenea\/","og_locale":"fr_FR","og_type":"article","og_title":"Cas de succ\u00e8s Atenea - Airfal","og_description":"Cas de succ\u00e8s Atenea: exemples r\u00e9els de performance, s\u00e9curit\u00e9 et contr\u00f4le avec la plateforme ATEX intelligente d\u2019Airfal.","og_url":"https:\/\/www.airfal.com\/fr\/atenea\/cas-de-succes-atenea\/","og_site_name":"Airfal","article_modified_time":"2026-01-30T16:21:06+00:00","og_image":[{"url":"https:\/\/www.airfal.com\/wp-content\/uploads\/2025\/03\/Estudios-de-iluminacion-2025-03-03T125718.878-1024x512.png","type":"","width":"","height":""}],"twitter_card":"summary_large_image","twitter_misc":{"Dur\u00e9e de lecture estim\u00e9e":"6 minutes"},"schema":{"@context":"https:\/\/schema.org","@graph":[{"@type":"WebPage","@id":"https:\/\/www.airfal.com\/fr\/atenea\/cas-de-succes-atenea\/","url":"https:\/\/www.airfal.com\/fr\/atenea\/cas-de-succes-atenea\/","name":"Cas de succ\u00e8s Atenea - Airfal","isPartOf":{"@id":"https:\/\/www.airfal.com\/fr\/#website"},"datePublished":"2021-02-10T12:47:36+00:00","dateModified":"2026-01-30T16:21:06+00:00","description":"Cas de succ\u00e8s Atenea: exemples r\u00e9els de performance, s\u00e9curit\u00e9 et contr\u00f4le avec la plateforme ATEX intelligente d\u2019Airfal.","breadcrumb":{"@id":"https:\/\/www.airfal.com\/fr\/atenea\/cas-de-succes-atenea\/#breadcrumb"},"inLanguage":"fr-FR","potentialAction":[{"@type":"ReadAction","target":["https:\/\/www.airfal.com\/fr\/atenea\/cas-de-succes-atenea\/"]}]},{"@type":"BreadcrumbList","@id":"https:\/\/www.airfal.com\/fr\/atenea\/cas-de-succes-atenea\/#breadcrumb","itemListElement":[{"@type":"ListItem","position":1,"name":"Airfal","item":"https:\/\/www.airfal.com\/fr\/"},{"@type":"ListItem","position":2,"name":"Atenea","item":"https:\/\/www.airfal.com\/fr\/atenea\/"},{"@type":"ListItem","position":3,"name":"Cas de succ\u00e8s Atenea"}]},{"@type":"WebSite","@id":"https:\/\/www.airfal.com\/fr\/#website","url":"https:\/\/www.airfal.com\/fr\/","name":"Airfal","description":"Proyectos de eficiencia energ\u00e9tica en industria ATEX con iluminaci\u00f3n y sensores","publisher":{"@id":"https:\/\/www.airfal.com\/fr\/#organization"},"potentialAction":[{"@type":"SearchAction","target":{"@type":"EntryPoint","urlTemplate":"https:\/\/www.airfal.com\/fr\/?s={search_term_string}"},"query-input":{"@type":"PropertyValueSpecification","valueRequired":true,"valueName":"search_term_string"}}],"inLanguage":"fr-FR"},{"@type":"Organization","@id":"https:\/\/www.airfal.com\/fr\/#organization","name":"Airfal","url":"https:\/\/www.airfal.com\/fr\/","logo":{"@type":"ImageObject","inLanguage":"fr-FR","@id":"https:\/\/www.airfal.com\/fr\/#\/schema\/logo\/image\/","url":"https:\/\/www.airfal.com\/wp-content\/uploads\/2021\/05\/Logo-AIRFAL-1.jpg","contentUrl":"https:\/\/www.airfal.com\/wp-content\/uploads\/2021\/05\/Logo-AIRFAL-1.jpg","width":2481,"height":1754,"caption":"Airfal"},"image":{"@id":"https:\/\/www.airfal.com\/fr\/#\/schema\/logo\/image\/"}}]}},"_links":{"self":[{"href":"https:\/\/www.airfal.com\/fr\/wp-json\/wp\/v2\/pages\/4213","targetHints":{"allow":["GET"]}}],"collection":[{"href":"https:\/\/www.airfal.com\/fr\/wp-json\/wp\/v2\/pages"}],"about":[{"href":"https:\/\/www.airfal.com\/fr\/wp-json\/wp\/v2\/types\/page"}],"author":[{"embeddable":true,"href":"https:\/\/www.airfal.com\/fr\/wp-json\/wp\/v2\/users\/5"}],"replies":[{"embeddable":true,"href":"https:\/\/www.airfal.com\/fr\/wp-json\/wp\/v2\/comments?post=4213"}],"version-history":[{"count":4,"href":"https:\/\/www.airfal.com\/fr\/wp-json\/wp\/v2\/pages\/4213\/revisions"}],"predecessor-version":[{"id":27892,"href":"https:\/\/www.airfal.com\/fr\/wp-json\/wp\/v2\/pages\/4213\/revisions\/27892"}],"up":[{"embeddable":true,"href":"https:\/\/www.airfal.com\/fr\/wp-json\/wp\/v2\/pages\/4145"}],"wp:attachment":[{"href":"https:\/\/www.airfal.com\/fr\/wp-json\/wp\/v2\/media?parent=4213"}],"curies":[{"name":"wp","href":"https:\/\/api.w.org\/{rel}","templated":true}]}}